{"id":777,"date":"2015-11-21T11:42:41","date_gmt":"2015-11-21T10:42:41","guid":{"rendered":"http:\/\/www.europochette.com\/de\/?page_id=777"},"modified":"2022-12-12T14:46:38","modified_gmt":"2022-12-12T13:46:38","slug":"home","status":"publish","type":"page","link":"https:\/\/europochet.be\/de\/","title":{"rendered":"Home"},"content":{"rendered":"<div   class='avia-fullscreen-slider main_color   avia-builder-el-0  el_before_av_heading  avia-builder-el-first  container_wrap sidebar_right'  ><a href='#next-section' title='' class='scroll-down-link av-control-default' aria-hidden='true' data-av_icon='\ue877' data-av_iconfont='entypo-fontello'><\/a><div  class='avia-slideshow av-jm0c92gz-849e2a13239744a5b3ff95388aec6cee avia-slideshow-extra_large av_fullscreen avia-fade-slider av-slideshow-ui av-control-default av-slideshow-autoplay av-loop-endless av-loop-manual-endless av-slider-scroll-down-active av-default-height-applied   avia-slideshow-1' data-slideshow-options=\"{&quot;animation&quot;:&quot;fade&quot;,&quot;autoplay&quot;:true,&quot;loop_autoplay&quot;:&quot;endless&quot;,&quot;interval&quot;:8,&quot;loop_manual&quot;:&quot;manual-endless&quot;,&quot;autoplay_stopper&quot;:false,&quot;noNavigation&quot;:false,&quot;bg_slider&quot;:true,&quot;keep_padding&quot;:false,&quot;hoverpause&quot;:false,&quot;show_slide_delay&quot;:0,&quot;slide_height&quot;:&quot;100&quot;,&quot;image_attachment&quot;:&quot;&quot;}\"  itemprop=\"image\" itemscope=\"itemscope\" itemtype=\"https:\/\/schema.org\/ImageObject\" ><ul class='avia-slideshow-inner ' style='padding-bottom: 66.666666666667%;'><li style='background-position:center center;' data-img-url='https:\/\/www.europochette.com\/wp-content\/uploads\/sites\/2\/2022\/12\/Europochette_059_lowres-1500x1000.jpg' class='avia-slideshow-slide av-jm0c92gz-849e2a13239744a5b3ff95388aec6cee__0  slide-1 slide-odd'><div data-rel='slideshow-1' class='avia-slide-wrap '   ><div class='av-slideshow-caption av-jm0c92gz-849e2a13239744a5b3ff95388aec6cee__0 caption_fullwidth caption_bottom'><div class=\"container caption_container\"><div class=\"slideshow_caption\"><div class=\"slideshow_inner_caption\"><div class=\"slideshow_align_caption\"><h2 class='avia-caption-title '  itemprop=\"name\" >Die Kunst des Table top marketing<\/h2><div class='avia-caption-content '  itemprop=\"description\" ><p>Die Vorteile der EUROPOCHETTE\u00ae-Besteckh\u00fcllen in K\u00fcrze:<\/p>\n<p>\u2022 Effizienz und Zeitersparnis<br \/>\n\u2022 Hygienisch im Gebrauch<br \/>\n\u2022 Marketing- und Kommunikationsunterst\u00fctzung<br \/>\n\u2022 Geeignet f\u00fcr den Kontakt mit Lebensmitteln<br \/>\n\u2022 100% recycelbar und<br \/>\nbiologisch abbaubar<\/p>\n<\/div><a href='https:\/\/europochet.be\/wp-content\/uploads\/sites\/2\/2022\/12\/Europochette-Catalogus-EN-2022-LR.pdf'  class='avia-slideshow-button avia-button avia-color-light ' data-duration='800' data-easing='easeInOutQuad'>Unser Katalog<\/a><\/div><\/div><\/div><\/div><\/div><\/div><\/li><li style='background-position:top center;' data-img-url='https:\/\/www.europochette.com\/wp-content\/uploads\/sites\/2\/2022\/12\/Europochette_036_lowres-1500x1000.jpg' class='avia-slideshow-slide av-jm0c92gz-849e2a13239744a5b3ff95388aec6cee__1  slide-2 slide-even'><div data-rel='slideshow-1' class='avia-slide-wrap '   ><div class='av-slideshow-caption av-jm0c92gz-849e2a13239744a5b3ff95388aec6cee__1 caption_fullwidth caption_bottom'><div class=\"container caption_container\"><div class=\"slideshow_caption\"><div class=\"slideshow_inner_caption\"><div class=\"slideshow_align_caption\"><h2 class='avia-caption-title '  itemprop=\"name\" >MULTIPLE L\u00d6SUNGEN F\u00dcR ALLE IHRE BED\u00dcRFNISSE !<\/h2><div class='avia-caption-content '  itemprop=\"description\" ><p>Entdecke die verschiedenen Marketing-M\u00f6glichkeiten und setzen Sie eine stilvolle<br \/>\nGesamtl\u00f6sung f\u00fcr Ihre Tischdekoration zusammen aus unserem Sortiment.<\/p>\n<p>\u2022 Besteckh\u00fcllen<br \/>\n\u2022 Tischsets<br \/>\n\u2022 Ovale<br \/>\n\u2022 Tischl\u00e4ufer<br \/>\n\u2022 Servietten<br \/>\n\u2022 Rechnungsh\u00fcllen<br \/>\n\u2022 Schl\u00fcsselkarten<\/p>\n<\/div><a href='https:\/\/europochet.be\/de\/standard-kollektionen\/'  class='avia-slideshow-button avia-button avia-color-light ' data-duration='800' data-easing='easeInOutQuad'>Entdecken Sie unser Sortiment<\/a><\/div><\/div><\/div><\/div><\/div><\/div><\/li><\/ul><div class='avia-slideshow-arrows avia-slideshow-controls' ><a href='#prev' class='prev-slide ' aria-hidden='true' data-av_icon='\ue87c' data-av_iconfont='entypo-fontello'  tabindex='-1'>Zur\u00fcck<\/a><a href='#next' class='next-slide ' aria-hidden='true' data-av_icon='\ue87d' data-av_iconfont='entypo-fontello'  tabindex='-1'>Weiter<\/a><\/div><div class='avia-slideshow-dots avia-slideshow-controls'><a href='#1' class='goto-slide active' >1<\/a><a href='#2' class='goto-slide ' >2<\/a><\/div><\/div><\/div><div id='after_full_slider_1'  class='main_color av_default_container_wrap container_wrap sidebar_right'  ><div class='container av-section-cont-open' ><div class='template-page content  av-content-small alpha units'><div class='post-entry post-entry-type-page post-entry-777'><div class='entry-content-wrapper clearfix'>\n\n<style type=\"text\/css\" data-created_by=\"avia_inline_auto\" id=\"style-css-av-av_heading-b6e11222f2e98c28252871bf078a5b2d\">\n#top .av-special-heading.av-av_heading-b6e11222f2e98c28252871bf078a5b2d{\npadding-bottom:10px;\n}\nbody .av-special-heading.av-av_heading-b6e11222f2e98c28252871bf078a5b2d .av-special-heading-tag .heading-char{\nfont-size:25px;\n}\n.av-special-heading.av-av_heading-b6e11222f2e98c28252871bf078a5b2d .av-subheading{\nfont-size:15px;\n}\n<\/style>\n<div  class='av-special-heading av-av_heading-b6e11222f2e98c28252871bf078a5b2d av-special-heading-h3  avia-builder-el-1  el_after_av_fullscreen  el_before_av_slideshow_accordion  avia-builder-el-no-sibling '><h3 class='av-special-heading-tag'  itemprop=\"headline\"  >Standard-Kollektionen<\/h3><div class=\"special-heading-border\"><div class=\"special-heading-inner-border\"><\/div><\/div><\/div>\n\n<style type=\"text\/css\" data-created_by=\"avia_inline_auto\" id=\"style-css-av-37floh-2baa98da454fbca44ddfb5d4f99f0a6a\">\n.avia-accordion.av-37floh-2baa98da454fbca44ddfb5d4f99f0a6a{\nmax-height:430px;\n}\n.avia-accordion.av-37floh-2baa98da454fbca44ddfb5d4f99f0a6a .aviaccordion-preview{\nwidth:25.1%;\n}\n.avia-accordion .aviaccordion-slide.av-37floh-2baa98da454fbca44ddfb5d4f99f0a6a__0{\nleft:0%;\n}\n.avia-accordion .aviaccordion-slide.av-37floh-2baa98da454fbca44ddfb5d4f99f0a6a__1{\nleft:25%;\n}\n.avia-accordion .aviaccordion-slide.av-37floh-2baa98da454fbca44ddfb5d4f99f0a6a__2{\nleft:50%;\n}\n.avia-accordion .aviaccordion-slide.av-37floh-2baa98da454fbca44ddfb5d4f99f0a6a__3{\nleft:75%;\n}\n<\/style>\n<div  id=\"accordion_slider_1\"  class='aviaccordion avia-accordion av-37floh-2baa98da454fbca44ddfb5d4f99f0a6a aviaccordion-title-active av-slideshow-autoplay av-loop-endless ' data-slideshow-options=\"{&quot;interval&quot;:3,&quot;autoplay&quot;:true,&quot;loop_autoplay&quot;:&quot;endless&quot;}\"  itemscope=\"itemscope\" itemtype=\"https:\/\/schema.org\/Blog\" ><ul class=\"aviaccordion-inner\"><li class='aviaccordion-slide av-37floh-2baa98da454fbca44ddfb5d4f99f0a6a__0 aviaccordion-slide-1' data-av-left='0'  itemscope=\"itemscope\" itemtype=\"https:\/\/schema.org\/CreativeWork\" ><a class='aviaccordion-slide-link noHover' href=\"https:\/\/europochet.be\/de\/standard-kollektionen\/\"  ><div class='aviaccordion-preview '><\/div><img loading=\"lazy\" decoding=\"async\" width=\"672\" height=\"403\" src=\"https:\/\/www.europochette.com\/wp-content\/uploads\/sites\/2\/2015\/10\/BARI.png\" class=\"aviaccordion-image\" alt=\"\" srcset=\"https:\/\/www.europochette.com\/wp-content\/uploads\/sites\/2\/2015\/10\/BARI.png 672w, https:\/\/www.europochette.com\/wp-content\/uploads\/sites\/2\/2015\/10\/BARI-300x180.png 300w, https:\/\/www.europochette.com\/wp-content\/uploads\/sites\/2\/2015\/10\/BARI-450x270.png 450w\" sizes=\"auto, (max-width: 672px) 100vw, 672px\" \/><\/a><\/li><li class='aviaccordion-slide av-37floh-2baa98da454fbca44ddfb5d4f99f0a6a__1 aviaccordion-slide-2' data-av-left='25'  itemscope=\"itemscope\" itemtype=\"https:\/\/schema.org\/CreativeWork\" ><a class='aviaccordion-slide-link noHover' href=\"https:\/\/europochet.be\/de\/standard-kollektionen\/\"  ><div class='aviaccordion-preview '><\/div><img loading=\"lazy\" decoding=\"async\" width=\"670\" height=\"403\" src=\"https:\/\/www.europochette.com\/wp-content\/uploads\/sites\/2\/2015\/10\/LIMA.png\" class=\"aviaccordion-image\" alt=\"\" srcset=\"https:\/\/www.europochette.com\/wp-content\/uploads\/sites\/2\/2015\/10\/LIMA.png 670w, https:\/\/www.europochette.com\/wp-content\/uploads\/sites\/2\/2015\/10\/LIMA-300x180.png 300w, https:\/\/www.europochette.com\/wp-content\/uploads\/sites\/2\/2015\/10\/LIMA-450x271.png 450w\" sizes=\"auto, (max-width: 670px) 100vw, 670px\" \/><\/a><\/li><li class='aviaccordion-slide av-37floh-2baa98da454fbca44ddfb5d4f99f0a6a__2 aviaccordion-slide-3' data-av-left='50'  itemscope=\"itemscope\" itemtype=\"https:\/\/schema.org\/CreativeWork\" ><a class='aviaccordion-slide-link noHover' href=\"https:\/\/europochet.be\/de\/standard-kollektionen\/\"  ><div class='aviaccordion-preview '><\/div><img loading=\"lazy\" decoding=\"async\" width=\"1034\" height=\"403\" src=\"https:\/\/www.europochette.com\/wp-content\/uploads\/sites\/2\/2017\/07\/Unicolor_3.jpg\" class=\"aviaccordion-image\" alt=\"\" srcset=\"https:\/\/www.europochette.com\/wp-content\/uploads\/sites\/2\/2017\/07\/Unicolor_3.jpg 1034w, https:\/\/www.europochette.com\/wp-content\/uploads\/sites\/2\/2017\/07\/Unicolor_3-300x117.jpg 300w, https:\/\/www.europochette.com\/wp-content\/uploads\/sites\/2\/2017\/07\/Unicolor_3-768x299.jpg 768w, https:\/\/www.europochette.com\/wp-content\/uploads\/sites\/2\/2017\/07\/Unicolor_3-1030x401.jpg 1030w, https:\/\/www.europochette.com\/wp-content\/uploads\/sites\/2\/2017\/07\/Unicolor_3-705x275.jpg 705w, https:\/\/www.europochette.com\/wp-content\/uploads\/sites\/2\/2017\/07\/Unicolor_3-450x175.jpg 450w\" sizes=\"auto, (max-width: 1034px) 100vw, 1034px\" \/><\/a><\/li><li class='aviaccordion-slide av-37floh-2baa98da454fbca44ddfb5d4f99f0a6a__3 aviaccordion-slide-4' data-av-left='75'  itemscope=\"itemscope\" itemtype=\"https:\/\/schema.org\/CreativeWork\" ><a class='aviaccordion-slide-link noHover' href=\"https:\/\/europochet.be\/de\/standard-kollektionen\/\"  ><div class='aviaccordion-preview '><\/div><img loading=\"lazy\" decoding=\"async\" width=\"672\" height=\"403\" src=\"https:\/\/www.europochette.com\/wp-content\/uploads\/sites\/2\/2015\/10\/ECOLINE2.png\" class=\"aviaccordion-image\" alt=\"\" srcset=\"https:\/\/www.europochette.com\/wp-content\/uploads\/sites\/2\/2015\/10\/ECOLINE2.png 672w, https:\/\/www.europochette.com\/wp-content\/uploads\/sites\/2\/2015\/10\/ECOLINE2-300x180.png 300w, https:\/\/www.europochette.com\/wp-content\/uploads\/sites\/2\/2015\/10\/ECOLINE2-450x270.png 450w\" sizes=\"auto, (max-width: 672px) 100vw, 672px\" \/><\/a><\/li><\/ul><div class='aviaccordion-spacer' style='padding-bottom:28.666666666667%'><\/div><\/div>\n\n<style type=\"text\/css\" data-created_by=\"avia_inline_auto\" id=\"style-css-av-av_heading-e0e2eaee2169b56730ec57557298c7c5\">\n#top .av-special-heading.av-av_heading-e0e2eaee2169b56730ec57557298c7c5{\npadding-bottom:10px;\n}\nbody .av-special-heading.av-av_heading-e0e2eaee2169b56730ec57557298c7c5 .av-special-heading-tag .heading-char{\nfont-size:25px;\n}\n.av-special-heading.av-av_heading-e0e2eaee2169b56730ec57557298c7c5 .av-subheading{\nfont-size:15px;\n}\n<\/style>\n<div  class='av-special-heading av-av_heading-e0e2eaee2169b56730ec57557298c7c5 av-special-heading-h3  avia-builder-el-3  el_after_av_slideshow_accordion  el_before_av_slideshow_accordion  avia-builder-el-no-sibling '><h3 class='av-special-heading-tag'  itemprop=\"headline\"  >Personalisiert \u2013 Individuell angepasst<\/h3><div class=\"special-heading-border\"><div class=\"special-heading-inner-border\"><\/div><\/div><\/div>\n\n<style type=\"text\/css\" data-created_by=\"avia_inline_auto\" id=\"style-css-av-2aoz4h-358d9a40508999b2df7f6c78d9063ac6\">\n.avia-accordion.av-2aoz4h-358d9a40508999b2df7f6c78d9063ac6{\nmax-height:430px;\n}\n.avia-accordion.av-2aoz4h-358d9a40508999b2df7f6c78d9063ac6 .aviaccordion-preview{\nwidth:20.1%;\n}\n.avia-accordion .aviaccordion-slide.av-2aoz4h-358d9a40508999b2df7f6c78d9063ac6__0{\nleft:0%;\n}\n.avia-accordion .aviaccordion-slide.av-2aoz4h-358d9a40508999b2df7f6c78d9063ac6__1{\nleft:20%;\n}\n.avia-accordion .aviaccordion-slide.av-2aoz4h-358d9a40508999b2df7f6c78d9063ac6__2{\nleft:40%;\n}\n.avia-accordion .aviaccordion-slide.av-2aoz4h-358d9a40508999b2df7f6c78d9063ac6__3{\nleft:60%;\n}\n.avia-accordion .aviaccordion-slide.av-2aoz4h-358d9a40508999b2df7f6c78d9063ac6__4{\nleft:80%;\n}\n<\/style>\n<div  id=\"accordion_slider_2\"  class='aviaccordion avia-accordion av-2aoz4h-358d9a40508999b2df7f6c78d9063ac6 aviaccordion-title-active av-slideshow-autoplay av-loop-endless ' data-slideshow-options=\"{&quot;interval&quot;:4,&quot;autoplay&quot;:true,&quot;loop_autoplay&quot;:&quot;endless&quot;}\"  itemscope=\"itemscope\" itemtype=\"https:\/\/schema.org\/Blog\" ><ul class=\"aviaccordion-inner\"><li class='aviaccordion-slide av-2aoz4h-358d9a40508999b2df7f6c78d9063ac6__0 aviaccordion-slide-1' data-av-left='0'  itemscope=\"itemscope\" itemtype=\"https:\/\/schema.org\/CreativeWork\" ><a class='aviaccordion-slide-link noHover' href=\"https:\/\/europochet.be\/de\/personalisiert\/\"  ><div class='aviaccordion-preview '><\/div><img loading=\"lazy\" decoding=\"async\" width=\"1000\" height=\"430\" src=\"https:\/\/www.europochette.com\/wp-content\/uploads\/sites\/2\/2015\/10\/Personalized_4-1000x430.jpg\" class=\"aviaccordion-image\" alt=\"\" \/><\/a><\/li><li class='aviaccordion-slide av-2aoz4h-358d9a40508999b2df7f6c78d9063ac6__1 aviaccordion-slide-2' data-av-left='20'  itemscope=\"itemscope\" itemtype=\"https:\/\/schema.org\/CreativeWork\" ><a class='aviaccordion-slide-link noHover' href=\"https:\/\/europochet.be\/de\/personalisiert\/\"  ><div class='aviaccordion-preview '><\/div><img loading=\"lazy\" decoding=\"async\" width=\"1000\" height=\"430\" src=\"https:\/\/www.europochette.com\/wp-content\/uploads\/sites\/2\/2015\/10\/Personalized_1-1000x430.jpg\" class=\"aviaccordion-image\" alt=\"\" \/><\/a><\/li><li class='aviaccordion-slide av-2aoz4h-358d9a40508999b2df7f6c78d9063ac6__2 aviaccordion-slide-3' data-av-left='40'  itemscope=\"itemscope\" itemtype=\"https:\/\/schema.org\/CreativeWork\" ><a class='aviaccordion-slide-link noHover' href=\"https:\/\/europochet.be\/de\/personalisiert\/\"  ><div class='aviaccordion-preview '><\/div><img loading=\"lazy\" decoding=\"async\" width=\"1000\" height=\"430\" src=\"https:\/\/www.europochette.com\/wp-content\/uploads\/sites\/2\/2015\/10\/Personalized_8-1000x430.jpg\" class=\"aviaccordion-image\" alt=\"\" \/><\/a><\/li><li class='aviaccordion-slide av-2aoz4h-358d9a40508999b2df7f6c78d9063ac6__3 aviaccordion-slide-4' data-av-left='60'  itemscope=\"itemscope\" itemtype=\"https:\/\/schema.org\/CreativeWork\" ><a class='aviaccordion-slide-link noHover' href=\"https:\/\/europochet.be\/de\/personalisiert\/\"  ><div class='aviaccordion-preview '><\/div><img loading=\"lazy\" decoding=\"async\" width=\"1000\" height=\"430\" src=\"https:\/\/www.europochette.com\/wp-content\/uploads\/sites\/2\/2015\/10\/Personalized_3-1000x430.jpg\" class=\"aviaccordion-image\" alt=\"\" \/><\/a><\/li><li class='aviaccordion-slide av-2aoz4h-358d9a40508999b2df7f6c78d9063ac6__4 aviaccordion-slide-5' data-av-left='80'  itemscope=\"itemscope\" itemtype=\"https:\/\/schema.org\/CreativeWork\" ><a class='aviaccordion-slide-link noHover' href=\"https:\/\/europochet.be\/de\/personalisiert\/\"  ><div class='aviaccordion-preview '><\/div><img loading=\"lazy\" decoding=\"async\" width=\"1000\" height=\"430\" src=\"https:\/\/www.europochette.com\/wp-content\/uploads\/sites\/2\/2015\/10\/Personalized_6-1000x430.jpg\" class=\"aviaccordion-image\" alt=\"\" \/><\/a><\/li><\/ul><div class='aviaccordion-spacer' style='padding-bottom:28.666666666667%'><\/div><\/div>\n\n<style type=\"text\/css\" data-created_by=\"avia_inline_auto\" id=\"style-css-av-av_heading-8bcf4a6295f501365dcebcab418655c0\">\n#top .av-special-heading.av-av_heading-8bcf4a6295f501365dcebcab418655c0{\npadding-bottom:10px;\n}\nbody .av-special-heading.av-av_heading-8bcf4a6295f501365dcebcab418655c0 .av-special-heading-tag .heading-char{\nfont-size:25px;\n}\n.av-special-heading.av-av_heading-8bcf4a6295f501365dcebcab418655c0 .av-subheading{\nfont-size:15px;\n}\n<\/style>\n<div  class='av-special-heading av-av_heading-8bcf4a6295f501365dcebcab418655c0 av-special-heading-h3  avia-builder-el-5  el_after_av_slideshow_accordion  el_before_av_slideshow_accordion  avia-builder-el-no-sibling '><h3 class='av-special-heading-tag'  itemprop=\"headline\"  >Specials<\/h3><div class=\"special-heading-border\"><div class=\"special-heading-inner-border\"><\/div><\/div><\/div>\n\n<style type=\"text\/css\" data-created_by=\"avia_inline_auto\" id=\"style-css-av-14cl1d-d5a0ac69c0d5ce9de7748c2db0ee142e\">\n.avia-accordion.av-14cl1d-d5a0ac69c0d5ce9de7748c2db0ee142e{\nmax-height:430px;\n}\n.avia-accordion.av-14cl1d-d5a0ac69c0d5ce9de7748c2db0ee142e .aviaccordion-preview{\nwidth:20.1%;\n}\n.avia-accordion .aviaccordion-slide.av-14cl1d-d5a0ac69c0d5ce9de7748c2db0ee142e__0{\nleft:0%;\n}\n.avia-accordion .aviaccordion-slide.av-14cl1d-d5a0ac69c0d5ce9de7748c2db0ee142e__1{\nleft:20%;\n}\n.avia-accordion .aviaccordion-slide.av-14cl1d-d5a0ac69c0d5ce9de7748c2db0ee142e__2{\nleft:40%;\n}\n.avia-accordion .aviaccordion-slide.av-14cl1d-d5a0ac69c0d5ce9de7748c2db0ee142e__3{\nleft:60%;\n}\n.avia-accordion .aviaccordion-slide.av-14cl1d-d5a0ac69c0d5ce9de7748c2db0ee142e__4{\nleft:80%;\n}\n<\/style>\n<div  id=\"accordion_slider_3\"  class='aviaccordion avia-accordion av-14cl1d-d5a0ac69c0d5ce9de7748c2db0ee142e aviaccordion-title-active av-slideshow-autoplay av-loop-endless ' data-slideshow-options=\"{&quot;interval&quot;:4,&quot;autoplay&quot;:true,&quot;loop_autoplay&quot;:&quot;endless&quot;}\"  itemscope=\"itemscope\" itemtype=\"https:\/\/schema.org\/Blog\" ><ul class=\"aviaccordion-inner\"><li class='aviaccordion-slide av-14cl1d-d5a0ac69c0d5ce9de7748c2db0ee142e__0 aviaccordion-slide-1' data-av-left='0'  itemscope=\"itemscope\" itemtype=\"https:\/\/schema.org\/CreativeWork\" ><a class='aviaccordion-slide-link noHover' href=\"https:\/\/europochet.be\/de\/specials\/\"  ><div class='aviaccordion-preview '><\/div><img loading=\"lazy\" decoding=\"async\" width=\"1000\" height=\"430\" src=\"https:\/\/www.europochette.com\/wp-content\/uploads\/sites\/2\/2015\/10\/Specials_1-1000x430.jpg\" class=\"aviaccordion-image\" alt=\"\" \/><\/a><\/li><li class='aviaccordion-slide av-14cl1d-d5a0ac69c0d5ce9de7748c2db0ee142e__1 aviaccordion-slide-2' data-av-left='20'  itemscope=\"itemscope\" itemtype=\"https:\/\/schema.org\/CreativeWork\" ><a class='aviaccordion-slide-link noHover' href=\"https:\/\/europochet.be\/de\/specials\/\"  ><div class='aviaccordion-preview '><\/div><img loading=\"lazy\" decoding=\"async\" width=\"1000\" height=\"430\" src=\"https:\/\/www.europochette.com\/wp-content\/uploads\/sites\/2\/2015\/10\/Specials_2-1000x430.jpg\" class=\"aviaccordion-image\" alt=\"\" \/><\/a><\/li><li class='aviaccordion-slide av-14cl1d-d5a0ac69c0d5ce9de7748c2db0ee142e__2 aviaccordion-slide-3' data-av-left='40'  itemscope=\"itemscope\" itemtype=\"https:\/\/schema.org\/CreativeWork\" ><a class='aviaccordion-slide-link noHover' href=\"https:\/\/europochet.be\/de\/specials\/\"  ><div class='aviaccordion-preview '><\/div><img loading=\"lazy\" decoding=\"async\" width=\"1000\" height=\"430\" src=\"https:\/\/www.europochette.com\/wp-content\/uploads\/sites\/2\/2015\/10\/Specials_3-1000x430.jpg\" class=\"aviaccordion-image\" alt=\"\" \/><\/a><\/li><li class='aviaccordion-slide av-14cl1d-d5a0ac69c0d5ce9de7748c2db0ee142e__3 aviaccordion-slide-4' data-av-left='60'  itemscope=\"itemscope\" itemtype=\"https:\/\/schema.org\/CreativeWork\" ><a class='aviaccordion-slide-link noHover' href=\"https:\/\/europochet.be\/de\/specials\/\"  ><div class='aviaccordion-preview '><\/div><img loading=\"lazy\" decoding=\"async\" width=\"1000\" height=\"430\" src=\"https:\/\/www.europochette.com\/wp-content\/uploads\/sites\/2\/2015\/10\/Specials_4-1000x430.jpg\" class=\"aviaccordion-image\" alt=\"\" \/><\/a><\/li><li class='aviaccordion-slide av-14cl1d-d5a0ac69c0d5ce9de7748c2db0ee142e__4 aviaccordion-slide-5' data-av-left='80'  itemscope=\"itemscope\" itemtype=\"https:\/\/schema.org\/CreativeWork\" ><a class='aviaccordion-slide-link noHover' href=\"https:\/\/europochet.be\/de\/specials\/\"  ><div class='aviaccordion-preview '><\/div><img loading=\"lazy\" decoding=\"async\" width=\"1500\" height=\"430\" src=\"https:\/\/www.europochette.com\/wp-content\/uploads\/sites\/2\/2019\/12\/Kids-Kawaii-PM-and-RTS-Sfeerbeeld-kopie-1500x430.jpg\" class=\"aviaccordion-image\" alt=\"\" \/><\/a><\/li><\/ul><div class='aviaccordion-spacer' style='padding-bottom:28.666666666667%'><\/div><\/div>\n","protected":false},"excerpt":{"rendered":"","protected":false},"author":1,"featured_media":0,"parent":0,"menu_order":0,"comment_status":"closed","ping_status":"closed","template":"","meta":{"footnotes":""},"class_list":["post-777","page","type-page","status-publish","hentry"],"_links":{"self":[{"href":"https:\/\/europochet.be\/de\/wp-json\/wp\/v2\/pages\/777\/"}],"collection":[{"href":"https:\/\/europochet.be\/de\/wp-json\/wp\/v2\/pages\/"}],"about":[{"href":"https:\/\/europochet.be\/de\/wp-json\/wp\/v2\/types\/page\/"}],"author":[{"embeddable":true,"href":"https:\/\/europochet.be\/de\/wp-json\/wp\/v2\/users\/1\/"}],"replies":[{"embeddable":true,"href":"https:\/\/europochet.be\/de\/wp-json\/wp\/v2\/comments\/?post=777"}],"version-history":[{"count":15,"href":"https:\/\/europochet.be\/de\/wp-json\/wp\/v2\/pages\/777\/revisions\/"}],"predecessor-version":[{"id":4126,"href":"https:\/\/europochet.be\/de\/wp-json\/wp\/v2\/pages\/777\/revisions\/4126\/"}],"wp:attachment":[{"href":"https:\/\/europochet.be\/de\/wp-json\/wp\/v2\/media\/?parent=777"}],"curies":[{"name":"wp","href":"https:\/\/api.w.org\/{rel}","templated":true}]}}