{"id":787,"date":"2015-11-21T12:02:20","date_gmt":"2015-11-21T11:02:20","guid":{"rendered":"http:\/\/www.europochette.com\/de\/?page_id=787"},"modified":"2022-12-09T11:00:58","modified_gmt":"2022-12-09T10:00:58","slug":"personalisiert","status":"publish","type":"page","link":"https:\/\/europochet.be\/de\/personalisiert\/","title":{"rendered":"Personalisiert"},"content":{"rendered":"\n<style type=\"text\/css\" data-created_by=\"avia_inline_auto\" id=\"style-css-av-lbgc6yve-f9a73b2338bfc20c26d8f5228c84d346\">\n#top .av-special-heading.av-lbgc6yve-f9a73b2338bfc20c26d8f5228c84d346{\npadding-bottom:10px;\n}\nbody .av-special-heading.av-lbgc6yve-f9a73b2338bfc20c26d8f5228c84d346 .av-special-heading-tag .heading-char{\nfont-size:25px;\n}\n.av-special-heading.av-lbgc6yve-f9a73b2338bfc20c26d8f5228c84d346 .av-subheading{\nfont-size:15px;\n}\n<\/style>\n<div  class='av-special-heading av-lbgc6yve-f9a73b2338bfc20c26d8f5228c84d346 av-special-heading-h1 blockquote modern-quote  avia-builder-el-0  el_before_av_hr  avia-builder-el-first '><h1 class='av-special-heading-tag'  itemprop=\"headline\"  >WARUM PERSONALISIERTE PRODUKTE VON EUROPOCHETTE\u00ae?<\/h1><div class=\"special-heading-border\"><div class=\"special-heading-inner-border\"><\/div><\/div><\/div>\n\n<style type=\"text\/css\" data-created_by=\"avia_inline_auto\" id=\"style-css-av-1wd8rv-76c01192434bbdecc939d2ebb32c94b6\">\n#top .hr.hr-invisible.av-1wd8rv-76c01192434bbdecc939d2ebb32c94b6{\nheight:20px;\n}\n<\/style>\n<div  class='hr av-1wd8rv-76c01192434bbdecc939d2ebb32c94b6 hr-invisible  avia-builder-el-1  el_after_av_heading  el_before_av_one_half '><span class='hr-inner '><span class=\"hr-inner-style\"><\/span><\/span><\/div>\n\n<style type=\"text\/css\" data-created_by=\"avia_inline_auto\" id=\"style-css-av-1r8rkj-e119ef7607f741c8ea59f6457e37f019\">\n.flex_column.av-1r8rkj-e119ef7607f741c8ea59f6457e37f019{\nborder-radius:0px 0px 0px 0px;\npadding:0px 0px 0px 0px;\n}\n<\/style>\n<div  class='flex_column av-1r8rkj-e119ef7607f741c8ea59f6457e37f019 av_one_half  avia-builder-el-2  el_after_av_hr  el_before_av_one_half  first flex_column_div av-zero-column-padding  '     ><style type=\"text\/css\" data-created_by=\"avia_inline_auto\" id=\"style-css-av-jm0kpl91-b8545e2529af79f0f535440203718af7\">\n#top .avia-icon-list-container.av-jm0kpl91-b8545e2529af79f0f535440203718af7 .iconlist_icon{\ncolor:#0b6843;\n}\n<\/style>\n<div  class='avia-icon-list-container av-jm0kpl91-b8545e2529af79f0f535440203718af7  avia-builder-el-3  avia-builder-el-no-sibling '><ul class='avia-icon-list avia_animate_when_almost_visible avia-icon-list-left av-iconlist-big av-jm0kpl91-b8545e2529af79f0f535440203718af7 avia-iconlist-animate'>\n<li><div class='iconlist_icon av-1k61tf-fddba148ec8f92dff19db403713d15d4 avia-font-entypo-fontello'><span class='iconlist-char' aria-hidden='true' data-av_icon='\ue837' data-av_iconfont='entypo-fontello'><\/span><\/div><article class=\"article-icon-entry \"  itemscope=\"itemscope\" itemtype=\"https:\/\/schema.org\/CreativeWork\" ><div class=\"iconlist_content_wrap\"><header class=\"entry-content-header\"><h4 class='av_iconlist_title iconlist_title  '  itemprop=\"headline\" >MIT IHREM LOGO<\/h4><\/header><div class='iconlist_content '  itemprop=\"text\" ><p>Behalten Sie Ihre einzigartige visuelle Identit\u00e4t und lassen Sie Ihr Logo auf unsere Produkte platzieren.<br \/>\nSie k\u00f6nnen Besteckh\u00fcllen, Sets, Ovale, Rechnungsh\u00fcllen, Schl\u00fcsselkarten, Servietten und Specials nach Belieben personalisieren.<\/p>\n<\/div><\/div><footer class=\"entry-footer\"><\/footer><\/article><div class=\"iconlist-timeline\"><\/div><\/li>\n<li><div class='iconlist_icon av-1e1vw3-012f8b614d351362d57ffc9e2c69766a avia-font-entypo-fontello'><span class='iconlist-char' aria-hidden='true' data-av_icon='\ue8a4' data-av_iconfont='entypo-fontello'><\/span><\/div><article class=\"article-icon-entry \"  itemscope=\"itemscope\" itemtype=\"https:\/\/schema.org\/CreativeWork\" ><div class=\"iconlist_content_wrap\"><header class=\"entry-content-header\"><h4 class='av_iconlist_title iconlist_title  '  itemprop=\"headline\" >IN IHREN FARBEN<\/h4><\/header><div class='iconlist_content '  itemprop=\"text\" ><p>Auch Farben und Muster k\u00f6nnen nach Ihren W\u00fcnschen angepasst werden, so dass Ihre Besteckh\u00fcllen und Sets an Ihre Tischbedeckung und Ihr Interieur nahtlos anschlie\u00dfen.<\/p>\n<\/div><\/div><footer class=\"entry-footer\"><\/footer><\/article><div class=\"iconlist-timeline\"><\/div><\/li>\n<li><div class='iconlist_icon av-19ddj7-637c5bada106b9e5a70e91eb3656e08f avia-font-entypo-fontello'><span class='iconlist-char' aria-hidden='true' data-av_icon='\ue836' data-av_iconfont='entypo-fontello'><\/span><\/div><article class=\"article-icon-entry \"  itemscope=\"itemscope\" itemtype=\"https:\/\/schema.org\/CreativeWork\" ><div class=\"iconlist_content_wrap\"><header class=\"entry-content-header\"><h4 class='av_iconlist_title iconlist_title  '  itemprop=\"headline\" >MIT IHREM DESIGN<\/h4><\/header><div class='iconlist_content '  itemprop=\"text\" ><p>Wissen Sie wirklich schon, wie Ihre Besteckh\u00fclle aussehen muss?<br \/>\nBesorgen Sie uns Ihren Entwurf und wir machen den Rest. Sie h\u00e4tten gerne Hilfe beim Erstellen Ihres pers\u00f6nlichen Designs? Auch f\u00fcr Stilberatung und Formgebung sind Sie bei uns an der richtigen Adresse.<\/p>\n<\/div><\/div><footer class=\"entry-footer\"><\/footer><\/article><div class=\"iconlist-timeline\"><\/div><\/li>\n<\/ul><\/div><\/div>\n<style type=\"text\/css\" data-created_by=\"avia_inline_auto\" id=\"style-css-av-14ul6z-e5c65d4b364dfbe13b48864c3f315799\">\n.flex_column.av-14ul6z-e5c65d4b364dfbe13b48864c3f315799{\nborder-radius:0px 0px 0px 0px;\npadding:0px 0px 0px 0px;\n}\n<\/style>\n<div  class='flex_column av-14ul6z-e5c65d4b364dfbe13b48864c3f315799 av_one_half  avia-builder-el-4  el_after_av_one_half  el_before_av_heading  flex_column_div av-zero-column-padding  '     ><style type=\"text\/css\" data-created_by=\"avia_inline_auto\" id=\"style-css-av-jm0kpquz-bd967a630d5c18fd2999d304efa0a07d\">\n#top .avia-icon-list-container.av-jm0kpquz-bd967a630d5c18fd2999d304efa0a07d .iconlist_icon{\ncolor:#0b6843;\n}\n<\/style>\n<div  class='avia-icon-list-container av-jm0kpquz-bd967a630d5c18fd2999d304efa0a07d  avia-builder-el-5  avia-builder-el-no-sibling '><ul class='avia-icon-list avia_animate_when_almost_visible avia-icon-list-left av-iconlist-big av-jm0kpquz-bd967a630d5c18fd2999d304efa0a07d avia-iconlist-animate'>\n<li><div class='iconlist_icon av-39h03-bcd016746c04400652ff0a2a1d842f6b avia-font-entypo-fontello'><span class='iconlist-char' aria-hidden='true' data-av_icon='\ue86b' data-av_iconfont='entypo-fontello'><\/span><\/div><article class=\"article-icon-entry \"  itemscope=\"itemscope\" itemtype=\"https:\/\/schema.org\/CreativeWork\" ><div class=\"iconlist_content_wrap\"><header class=\"entry-content-header\"><h4 class='av_iconlist_title iconlist_title  '  itemprop=\"headline\" >VERSCHIEDENE FORMATE<\/h4><\/header><div class='iconlist_content '  itemprop=\"text\" ><p>Die Sets und Besteckh\u00fcllen unserer Standardkollektionen sind in einem Standardformat erh\u00e4ltlich. Wenn Sie ein angepasstes Format f\u00fcr Ihr dreiteiliges Besteck, St\u00e4bchen oder Dessertl\u00f6ffel m\u00f6chten, dann k\u00f6nnen wir Ihnen verschiedene M\u00f6glichkeiten anbieten.<br \/>\nUnsere Besteckh\u00fcllen sind u.a. auch in 10 cm \u00d7 20 cm, 7,5 cm x 23 cm usw. erh\u00e4ltlich.<br \/>\nDaneben ist es auch m\u00f6glich, unsere Besteckh\u00fcllen mit einem zus\u00e4tzlichen Einschnitt zu erhalten, n\u00e4mlich horizontal oder bogenf\u00f6rmig.<\/p>\n<\/div><\/div><footer class=\"entry-footer\"><\/footer><\/article><div class=\"iconlist-timeline\"><\/div><\/li>\n<li><div class='iconlist_icon av-qz3pn-059d5b60eba11cbab9aa49016f15ac14 avia-font-entypo-fontello'><span class='iconlist-char' aria-hidden='true' data-av_icon='\ue82b' data-av_iconfont='entypo-fontello'><\/span><\/div><article class=\"article-icon-entry \"  itemscope=\"itemscope\" itemtype=\"https:\/\/schema.org\/CreativeWork\" ><div class=\"iconlist_content_wrap\"><header class=\"entry-content-header\"><h4 class='av_iconlist_title iconlist_title  '  itemprop=\"headline\" >W\u00c4HLEN SIE AUS DREI QUALIT\u00c4TEN VON SERVIETTEN<\/h4><\/header><div class='iconlist_content '  itemprop=\"text\" ><p>Auch mit der Qualit\u00e4t der Servietten k\u00f6nnen Sie Ihren Besteckh\u00fcllen einen pers\u00f6nlichen Touch geben.<br \/>\nWir bieten drei Qualit\u00e4ten von Servietten in verschiedenen Farben und Formaten an. Unser Sortiment besteht aus der klassischen Zellstoffserviette, einer st\u00e4rkeren Double Point Serviette und der High-End-Wahl Airlaid.<br \/>\nWeitere Informationen und <a href=\"http:\/\/www.europochette.com\/de\/servietten-tischlaeufer\/\">verf\u00fcgbare Farben finden Sie hier<\/a>.<\/p>\n<\/div><\/div><footer class=\"entry-footer\"><\/footer><\/article><div class=\"iconlist-timeline\"><\/div><\/li>\n<li><div class='iconlist_icon av-k5inv-13cd13a5d5ebec4646c1236410f36f00 avia-font-entypo-fontello'><span class='iconlist-char' aria-hidden='true' data-av_icon='\ue864' data-av_iconfont='entypo-fontello'><\/span><\/div><article class=\"article-icon-entry \"  itemscope=\"itemscope\" itemtype=\"https:\/\/schema.org\/CreativeWork\" ><div class=\"iconlist_content_wrap\"><header class=\"entry-content-header\"><h4 class='av_iconlist_title iconlist_title  '  itemprop=\"headline\" >KOMBINATION MIT EIGENEN SETS, OVALEN, GLASUNTERSETZERN, RECHNUNGSH\u00dcLLEN UND SCHL\u00dcSSELKARTEN M\u00d6GLICH<\/h4><\/header><div class='iconlist_content '  itemprop=\"text\" ><p>Vervollst\u00e4ndigen Sie Ihr einzigartiges Sortiment mit personalisierten Sets, Ovalen, Glasuntersetzern, Rechnungsh\u00fcllen usw.<br \/>\nWir bieten Ihnen gerne eine Gesamtl\u00f6sung f\u00fcr Ihre Tischbedeckung.<\/p>\n<\/div><\/div><footer class=\"entry-footer\"><\/footer><\/article><div class=\"iconlist-timeline\"><\/div><\/li>\n<\/ul><\/div><\/div><\/p>\n\n<style type=\"text\/css\" data-created_by=\"avia_inline_auto\" id=\"style-css-av-lbgc76kz-eabe80c02e2a3526a98181583d0479c0\">\n#top .av-special-heading.av-lbgc76kz-eabe80c02e2a3526a98181583d0479c0{\npadding-bottom:10px;\n}\nbody .av-special-heading.av-lbgc76kz-eabe80c02e2a3526a98181583d0479c0 .av-special-heading-tag .heading-char{\nfont-size:25px;\n}\n.av-special-heading.av-lbgc76kz-eabe80c02e2a3526a98181583d0479c0 .av-subheading{\nfont-size:15px;\n}\n<\/style>\n<div  class='av-special-heading av-lbgc76kz-eabe80c02e2a3526a98181583d0479c0 av-special-heading-h1 blockquote modern-quote  avia-builder-el-6  el_after_av_one_half  el_before_av_masonry_gallery  avia-builder-el-last '><h1 class='av-special-heading-tag'  itemprop=\"headline\"  >EINIGE PERSONALISIERTE PRODUKTE VON EUROPOCHETTE\u00ae<\/h1><div class=\"special-heading-border\"><div class=\"special-heading-inner-border\"><\/div><\/div><\/div>\n<div id='av-masonry-1' class='av-masonry av-ahxjn-5630c9c18401481fd706f717176a9479 noHover av-fixed-size av-large-gap av-hover-overlay-active av-masonry-animation-active av-masonry-col-flexible av-caption-always av-caption-style- av-masonry-gallery ' data-post_id=\"787\"><div class=\"av-masonry-container isotope av-js-disabled\"><div class='av-masonry-entry isotope-item av-masonry-item-no-image '><\/div><a href=\"https:\/\/www.europochette.com\/wp-content\/uploads\/sites\/2\/2022\/12\/Europochette_034_lowres-1030x686.jpg\" data-srcset=\"https:\/\/www.europochette.com\/wp-content\/uploads\/sites\/2\/2022\/12\/Europochette_034_lowres-1030x686.jpg 1030w, https:\/\/www.europochette.com\/wp-content\/uploads\/sites\/2\/2022\/12\/Europochette_034_lowres-300x200.jpg 300w, https:\/\/www.europochette.com\/wp-content\/uploads\/sites\/2\/2022\/12\/Europochette_034_lowres-768x512.jpg 768w, https:\/\/www.europochette.com\/wp-content\/uploads\/sites\/2\/2022\/12\/Europochette_034_lowres-1536x1024.jpg 1536w, https:\/\/www.europochette.com\/wp-content\/uploads\/sites\/2\/2022\/12\/Europochette_034_lowres-1500x1000.jpg 1500w, https:\/\/www.europochette.com\/wp-content\/uploads\/sites\/2\/2022\/12\/Europochette_034_lowres-705x470.jpg 705w, https:\/\/www.europochette.com\/wp-content\/uploads\/sites\/2\/2022\/12\/Europochette_034_lowres-450x300.jpg 450w, https:\/\/www.europochette.com\/wp-content\/uploads\/sites\/2\/2022\/12\/Europochette_034_lowres.jpg 2000w\" data-sizes=\"(max-width: 1030px) 100vw, 1030px\"  aria-label=\"Bild Europochette_034_lowres\"  id='av-masonry-1-item-4034' data-av-masonry-item='4034' class='av-masonry-entry isotope-item post-4034 attachment type-attachment status-inherit hentry  av-masonry-item-with-image av-grid-img' title=\"Europochette_034_lowres\" alt=\"Custom Pouches\"    itemprop=\"thumbnailUrl\" ><div class='av-inner-masonry-sizer'><\/div><figure class='av-inner-masonry main_color'><div class=\"av-masonry-outerimage-container\"><div class='av-masonry-image-container' style=\"background-image: url(https:\/\/www.europochette.com\/wp-content\/uploads\/sites\/2\/2022\/12\/Europochette_034_lowres-705x470.jpg);\"  title=\"Europochette_034_lowres\"   alt=\"Custom Pouches\" ><\/div><\/div><\/figure><\/a><!--end av-masonry entry--><a href=\"https:\/\/www.europochette.com\/wp-content\/uploads\/sites\/2\/2022\/12\/Europochette_149_lowres-686x1030.jpg\" data-srcset=\"https:\/\/www.europochette.com\/wp-content\/uploads\/sites\/2\/2022\/12\/Europochette_149_lowres-686x1030.jpg 686w, https:\/\/www.europochette.com\/wp-content\/uploads\/sites\/2\/2022\/12\/Europochette_149_lowres-200x300.jpg 200w, https:\/\/www.europochette.com\/wp-content\/uploads\/sites\/2\/2022\/12\/Europochette_149_lowres-768x1152.jpg 768w, https:\/\/www.europochette.com\/wp-content\/uploads\/sites\/2\/2022\/12\/Europochette_149_lowres-1024x1536.jpg 1024w, https:\/\/www.europochette.com\/wp-content\/uploads\/sites\/2\/2022\/12\/Europochette_149_lowres-1000x1500.jpg 1000w, https:\/\/www.europochette.com\/wp-content\/uploads\/sites\/2\/2022\/12\/Europochette_149_lowres-470x705.jpg 470w, https:\/\/www.europochette.com\/wp-content\/uploads\/sites\/2\/2022\/12\/Europochette_149_lowres-450x675.jpg 450w, https:\/\/www.europochette.com\/wp-content\/uploads\/sites\/2\/2022\/12\/Europochette_149_lowres.jpg 1333w\" data-sizes=\"(max-width: 686px) 100vw, 686px\"  aria-label=\"Bild Europochette_149_lowres\"  id='av-masonry-1-item-3958' data-av-masonry-item='3958' class='av-masonry-entry isotope-item post-3958 attachment type-attachment status-inherit hentry  av-masonry-item-with-image av-grid-img' title=\"Europochette_149_lowres\" alt=\"Custom Royal Pouches\"    itemprop=\"thumbnailUrl\" ><div class='av-inner-masonry-sizer'><\/div><figure class='av-inner-masonry main_color'><div class=\"av-masonry-outerimage-container\"><div class='av-masonry-image-container' style=\"background-image: url(https:\/\/www.europochette.com\/wp-content\/uploads\/sites\/2\/2022\/12\/Europochette_149_lowres-470x705.jpg);\"  title=\"Europochette_149_lowres\"   alt=\"Custom Royal Pouches\" ><\/div><\/div><\/figure><\/a><!--end av-masonry entry--><a href=\"https:\/\/www.europochette.com\/wp-content\/uploads\/sites\/2\/2022\/12\/Europochette_106_lowres-686x1030.jpg\" data-srcset=\"https:\/\/www.europochette.com\/wp-content\/uploads\/sites\/2\/2022\/12\/Europochette_106_lowres-686x1030.jpg 686w, https:\/\/www.europochette.com\/wp-content\/uploads\/sites\/2\/2022\/12\/Europochette_106_lowres-200x300.jpg 200w, https:\/\/www.europochette.com\/wp-content\/uploads\/sites\/2\/2022\/12\/Europochette_106_lowres-768x1152.jpg 768w, https:\/\/www.europochette.com\/wp-content\/uploads\/sites\/2\/2022\/12\/Europochette_106_lowres-1024x1536.jpg 1024w, https:\/\/www.europochette.com\/wp-content\/uploads\/sites\/2\/2022\/12\/Europochette_106_lowres-1000x1500.jpg 1000w, https:\/\/www.europochette.com\/wp-content\/uploads\/sites\/2\/2022\/12\/Europochette_106_lowres-470x705.jpg 470w, https:\/\/www.europochette.com\/wp-content\/uploads\/sites\/2\/2022\/12\/Europochette_106_lowres-450x675.jpg 450w, https:\/\/www.europochette.com\/wp-content\/uploads\/sites\/2\/2022\/12\/Europochette_106_lowres.jpg 1333w\" data-sizes=\"(max-width: 686px) 100vw, 686px\"  aria-label=\"Bild Europochette_106_lowres\"  id='av-masonry-1-item-4002' data-av-masonry-item='4002' class='av-masonry-entry isotope-item post-4002 attachment type-attachment status-inherit hentry  av-masonry-item-with-image av-grid-img' title=\"Europochette_106_lowres\" alt=\"Custom Royal Pouches\"    itemprop=\"thumbnailUrl\" ><div class='av-inner-masonry-sizer'><\/div><figure class='av-inner-masonry main_color'><div class=\"av-masonry-outerimage-container\"><div class='av-masonry-image-container' style=\"background-image: url(https:\/\/www.europochette.com\/wp-content\/uploads\/sites\/2\/2022\/12\/Europochette_106_lowres-470x705.jpg);\"  title=\"Europochette_106_lowres\"   alt=\"Custom Royal Pouches\" ><\/div><\/div><\/figure><\/a><!--end av-masonry entry--><a href=\"https:\/\/www.europochette.com\/wp-content\/uploads\/sites\/2\/2022\/12\/Europochette_picolo_02_lowres-1030x686.jpg\" data-srcset=\"https:\/\/www.europochette.com\/wp-content\/uploads\/sites\/2\/2022\/12\/Europochette_picolo_02_lowres-1030x686.jpg 1030w, https:\/\/www.europochette.com\/wp-content\/uploads\/sites\/2\/2022\/12\/Europochette_picolo_02_lowres-300x200.jpg 300w, https:\/\/www.europochette.com\/wp-content\/uploads\/sites\/2\/2022\/12\/Europochette_picolo_02_lowres-768x512.jpg 768w, https:\/\/www.europochette.com\/wp-content\/uploads\/sites\/2\/2022\/12\/Europochette_picolo_02_lowres-1536x1024.jpg 1536w, https:\/\/www.europochette.com\/wp-content\/uploads\/sites\/2\/2022\/12\/Europochette_picolo_02_lowres-1500x1000.jpg 1500w, https:\/\/www.europochette.com\/wp-content\/uploads\/sites\/2\/2022\/12\/Europochette_picolo_02_lowres-705x470.jpg 705w, https:\/\/www.europochette.com\/wp-content\/uploads\/sites\/2\/2022\/12\/Europochette_picolo_02_lowres-450x300.jpg 450w, https:\/\/www.europochette.com\/wp-content\/uploads\/sites\/2\/2022\/12\/Europochette_picolo_02_lowres.jpg 2000w\" data-sizes=\"(max-width: 1030px) 100vw, 1030px\"  aria-label=\"Bild Europochette_picolo_02_lowres\"  id='av-masonry-1-item-3926' data-av-masonry-item='3926' class='av-masonry-entry isotope-item post-3926 attachment type-attachment status-inherit hentry  av-masonry-item-with-image av-grid-img' title=\"Europochette_picolo_02_lowres\" alt=\"Custom Special Pouches\"    itemprop=\"thumbnailUrl\" ><div class='av-inner-masonry-sizer'><\/div><figure class='av-inner-masonry main_color'><div class=\"av-masonry-outerimage-container\"><div class='av-masonry-image-container' style=\"background-image: url(https:\/\/www.europochette.com\/wp-content\/uploads\/sites\/2\/2022\/12\/Europochette_picolo_02_lowres-705x470.jpg);\"  title=\"Europochette_picolo_02_lowres\"   alt=\"Custom Special Pouches\" ><\/div><\/div><\/figure><\/a><!--end av-masonry entry--><a href=\"https:\/\/www.europochette.com\/wp-content\/uploads\/sites\/2\/2022\/12\/Europochette_23_lowres-686x1030.jpg\" data-srcset=\"https:\/\/www.europochette.com\/wp-content\/uploads\/sites\/2\/2022\/12\/Europochette_23_lowres-686x1030.jpg 686w, https:\/\/www.europochette.com\/wp-content\/uploads\/sites\/2\/2022\/12\/Europochette_23_lowres-200x300.jpg 200w, https:\/\/www.europochette.com\/wp-content\/uploads\/sites\/2\/2022\/12\/Europochette_23_lowres-768x1152.jpg 768w, https:\/\/www.europochette.com\/wp-content\/uploads\/sites\/2\/2022\/12\/Europochette_23_lowres-1024x1536.jpg 1024w, https:\/\/www.europochette.com\/wp-content\/uploads\/sites\/2\/2022\/12\/Europochette_23_lowres-1000x1500.jpg 1000w, https:\/\/www.europochette.com\/wp-content\/uploads\/sites\/2\/2022\/12\/Europochette_23_lowres-470x705.jpg 470w, https:\/\/www.europochette.com\/wp-content\/uploads\/sites\/2\/2022\/12\/Europochette_23_lowres-450x675.jpg 450w, https:\/\/www.europochette.com\/wp-content\/uploads\/sites\/2\/2022\/12\/Europochette_23_lowres.jpg 1333w\" data-sizes=\"(max-width: 686px) 100vw, 686px\"  aria-label=\"Bild Europochette_23_lowres\"  id='av-masonry-1-item-4038' data-av-masonry-item='4038' class='av-masonry-entry isotope-item post-4038 attachment type-attachment status-inherit hentry  av-masonry-item-with-image av-grid-img' title=\"Europochette_23_lowres\" alt=\"Custom Napkins\"    itemprop=\"thumbnailUrl\" ><div class='av-inner-masonry-sizer'><\/div><figure class='av-inner-masonry main_color'><div class=\"av-masonry-outerimage-container\"><div class='av-masonry-image-container' style=\"background-image: url(https:\/\/www.europochette.com\/wp-content\/uploads\/sites\/2\/2022\/12\/Europochette_23_lowres-470x705.jpg);\"  title=\"Europochette_23_lowres\"   alt=\"Custom Napkins\" ><\/div><\/div><\/figure><\/a><!--end av-masonry entry--><a href=\"https:\/\/www.europochette.com\/wp-content\/uploads\/sites\/2\/2022\/12\/Europochette_125_lowres-686x1030.jpg\" data-srcset=\"https:\/\/www.europochette.com\/wp-content\/uploads\/sites\/2\/2022\/12\/Europochette_125_lowres-686x1030.jpg 686w, https:\/\/www.europochette.com\/wp-content\/uploads\/sites\/2\/2022\/12\/Europochette_125_lowres-200x300.jpg 200w, https:\/\/www.europochette.com\/wp-content\/uploads\/sites\/2\/2022\/12\/Europochette_125_lowres-768x1152.jpg 768w, https:\/\/www.europochette.com\/wp-content\/uploads\/sites\/2\/2022\/12\/Europochette_125_lowres-1024x1536.jpg 1024w, https:\/\/www.europochette.com\/wp-content\/uploads\/sites\/2\/2022\/12\/Europochette_125_lowres-1000x1500.jpg 1000w, https:\/\/www.europochette.com\/wp-content\/uploads\/sites\/2\/2022\/12\/Europochette_125_lowres-470x705.jpg 470w, https:\/\/www.europochette.com\/wp-content\/uploads\/sites\/2\/2022\/12\/Europochette_125_lowres-450x675.jpg 450w, https:\/\/www.europochette.com\/wp-content\/uploads\/sites\/2\/2022\/12\/Europochette_125_lowres.jpg 1333w\" data-sizes=\"(max-width: 686px) 100vw, 686px\"  aria-label=\"Bild Europochette_125_lowres\"  id='av-masonry-1-item-3978' data-av-masonry-item='3978' class='av-masonry-entry isotope-item post-3978 attachment type-attachment status-inherit hentry  av-masonry-item-with-image av-grid-img' title=\"Europochette_125_lowres\" alt=\"Custom Napkins\"    itemprop=\"thumbnailUrl\" ><div class='av-inner-masonry-sizer'><\/div><figure class='av-inner-masonry main_color'><div class=\"av-masonry-outerimage-container\"><div class='av-masonry-image-container' style=\"background-image: url(https:\/\/www.europochette.com\/wp-content\/uploads\/sites\/2\/2022\/12\/Europochette_125_lowres-470x705.jpg);\"  title=\"Europochette_125_lowres\"   alt=\"Custom Napkins\" ><\/div><\/div><\/figure><\/a><!--end av-masonry entry--><a href=\"https:\/\/www.europochette.com\/wp-content\/uploads\/sites\/2\/2022\/12\/Europochette_142_lowres-1030x686.jpg\" data-srcset=\"https:\/\/www.europochette.com\/wp-content\/uploads\/sites\/2\/2022\/12\/Europochette_142_lowres-1030x686.jpg 1030w, https:\/\/www.europochette.com\/wp-content\/uploads\/sites\/2\/2022\/12\/Europochette_142_lowres-300x200.jpg 300w, https:\/\/www.europochette.com\/wp-content\/uploads\/sites\/2\/2022\/12\/Europochette_142_lowres-768x512.jpg 768w, https:\/\/www.europochette.com\/wp-content\/uploads\/sites\/2\/2022\/12\/Europochette_142_lowres-1536x1024.jpg 1536w, https:\/\/www.europochette.com\/wp-content\/uploads\/sites\/2\/2022\/12\/Europochette_142_lowres-1500x1000.jpg 1500w, https:\/\/www.europochette.com\/wp-content\/uploads\/sites\/2\/2022\/12\/Europochette_142_lowres-705x470.jpg 705w, https:\/\/www.europochette.com\/wp-content\/uploads\/sites\/2\/2022\/12\/Europochette_142_lowres-450x300.jpg 450w, https:\/\/www.europochette.com\/wp-content\/uploads\/sites\/2\/2022\/12\/Europochette_142_lowres.jpg 2000w\" data-sizes=\"(max-width: 1030px) 100vw, 1030px\"  aria-label=\"Bild Europochette_142_lowres\"  id='av-masonry-1-item-3966' data-av-masonry-item='3966' class='av-masonry-entry isotope-item post-3966 attachment type-attachment status-inherit hentry  av-masonry-item-with-image av-grid-img' title=\"Europochette_142_lowres\" alt=\"Custom Pouches\"    itemprop=\"thumbnailUrl\" ><div class='av-inner-masonry-sizer'><\/div><figure class='av-inner-masonry main_color'><div class=\"av-masonry-outerimage-container\"><div class='av-masonry-image-container' style=\"background-image: url(https:\/\/www.europochette.com\/wp-content\/uploads\/sites\/2\/2022\/12\/Europochette_142_lowres-705x470.jpg);\"  title=\"Europochette_142_lowres\"   alt=\"Custom Pouches\" ><\/div><\/div><\/figure><\/a><!--end av-masonry entry--><\/div><\/div>\n","protected":false},"excerpt":{"rendered":"","protected":false},"author":1,"featured_media":0,"parent":0,"menu_order":0,"comment_status":"closed","ping_status":"closed","template":"","meta":{"footnotes":""},"class_list":["post-787","page","type-page","status-publish","hentry"],"_links":{"self":[{"href":"https:\/\/europochet.be\/de\/wp-json\/wp\/v2\/pages\/787\/"}],"collection":[{"href":"https:\/\/europochet.be\/de\/wp-json\/wp\/v2\/pages\/"}],"about":[{"href":"https:\/\/europochet.be\/de\/wp-json\/wp\/v2\/types\/page\/"}],"author":[{"embeddable":true,"href":"https:\/\/europochet.be\/de\/wp-json\/wp\/v2\/users\/1\/"}],"replies":[{"embeddable":true,"href":"https:\/\/europochet.be\/de\/wp-json\/wp\/v2\/comments\/?post=787"}],"version-history":[{"count":10,"href":"https:\/\/europochet.be\/de\/wp-json\/wp\/v2\/pages\/787\/revisions\/"}],"predecessor-version":[{"id":4087,"href":"https:\/\/europochet.be\/de\/wp-json\/wp\/v2\/pages\/787\/revisions\/4087\/"}],"wp:attachment":[{"href":"https:\/\/europochet.be\/de\/wp-json\/wp\/v2\/media\/?parent=787"}],"curies":[{"name":"wp","href":"https:\/\/api.w.org\/{rel}","templated":true}]}}