{"id":155,"date":"2015-09-28T16:50:51","date_gmt":"2015-09-28T16:50:51","guid":{"rendered":"http:\/\/eurodev.n2one.eu\/com\/fr\/?page_id=155"},"modified":"2022-12-12T14:44:00","modified_gmt":"2022-12-12T13:44:00","slug":"accueil","status":"publish","type":"page","link":"https:\/\/europochet.be\/fr\/","title":{"rendered":"Accueil"},"content":{"rendered":"<div   class='avia-fullscreen-slider main_color   avia-builder-el-0  el_before_av_heading  avia-builder-el-first  container_wrap sidebar_right'  ><a href='#next-section' title='' class='scroll-down-link av-control-default' aria-hidden='true' data-av_icon='\ue877' data-av_iconfont='entypo-fontello'><\/a><div  class='avia-slideshow av-jm0brujy-b229dbf91cea5524cd9aa0af5cb61763 avia-slideshow-extra_large av_fullscreen avia-fade-slider av-slideshow-ui av-control-default av-slideshow-autoplay av-loop-endless av-loop-manual-endless av-slider-scroll-down-active av-default-height-applied   avia-slideshow-1' data-slideshow-options=\"{&quot;animation&quot;:&quot;fade&quot;,&quot;autoplay&quot;:true,&quot;loop_autoplay&quot;:&quot;endless&quot;,&quot;interval&quot;:8,&quot;loop_manual&quot;:&quot;manual-endless&quot;,&quot;autoplay_stopper&quot;:false,&quot;noNavigation&quot;:false,&quot;bg_slider&quot;:true,&quot;keep_padding&quot;:false,&quot;hoverpause&quot;:false,&quot;show_slide_delay&quot;:0,&quot;slide_height&quot;:&quot;100&quot;,&quot;image_attachment&quot;:&quot;&quot;}\"  itemprop=\"image\" itemscope=\"itemscope\" itemtype=\"https:\/\/schema.org\/ImageObject\" ><ul class='avia-slideshow-inner ' style='padding-bottom: 66.666666666667%;'><li style='background-position:center center;' data-img-url='https:\/\/www.europochette.com\/wp-content\/uploads\/sites\/2\/2022\/12\/Europochette_059_lowres-1500x1000.jpg' class='avia-slideshow-slide av-jm0brujy-b229dbf91cea5524cd9aa0af5cb61763__0  slide-1 slide-odd'><div data-rel='slideshow-1' class='avia-slide-wrap '   ><div class='av-slideshow-caption av-jm0brujy-b229dbf91cea5524cd9aa0af5cb61763__0 caption_fullwidth caption_bottom'><div class=\"container caption_container\"><div class=\"slideshow_caption\"><div class=\"slideshow_inner_caption\"><div class=\"slideshow_align_caption\"><h2 class='avia-caption-title '  itemprop=\"name\" >L\u2019art du marketing de dressage de table<\/h2><div class='avia-caption-content '  itemprop=\"description\" ><p>Les produits Europochette\u00ae sont \u00e9l\u00e9gants, fonctionnels et durables.<br \/>\nFabriqu\u00e9s en Europe avec des mati\u00e8res premi\u00e8res \u00e9coresponsables d\u2019origine europ\u00e9enne.<\/p>\n<\/div><a href='https:\/\/europochet.be\/wp-content\/uploads\/sites\/2\/2022\/12\/Europochette-Catalogus-NL-FR-2022-LR.pdf'  class='avia-slideshow-button avia-button avia-color-light ' data-duration='800' data-easing='easeInOutQuad'>Notre Catalogue<\/a><\/div><\/div><\/div><\/div><\/div><\/div><\/li><li style='background-position:top center;' data-img-url='https:\/\/www.europochette.com\/wp-content\/uploads\/sites\/2\/2022\/12\/Europochette_036_lowres-1500x1000.jpg' class='avia-slideshow-slide av-jm0brujy-b229dbf91cea5524cd9aa0af5cb61763__1  slide-2 slide-even'><div data-rel='slideshow-1' class='avia-slide-wrap '   ><div class='av-slideshow-caption av-jm0brujy-b229dbf91cea5524cd9aa0af5cb61763__1 caption_fullwidth caption_bottom'><div class=\"container caption_container\"><div class=\"slideshow_caption\"><div class=\"slideshow_inner_caption\"><div class=\"slideshow_align_caption\"><h2 class='avia-caption-title '  itemprop=\"name\" >Europochette en un clin d\u2019oeil.<\/h2><div class='avia-caption-content '  itemprop=\"description\" ><p>\u2022 Hygi\u00e8ne et qualit\u00e9<br \/>\n\u2022 Gain de temps<br \/>\n\u2022 Design personnalis\u00e9<br \/>\n\u2022 Une contribution \u00e0 l\u2019\u00e9conomie circulaire<\/p>\n<\/div><a href='https:\/\/europochet.be\/fr\/collection-standard\/'  class='avia-slideshow-button avia-button avia-color-light ' data-duration='800' data-easing='easeInOutQuad'>Explorez notre assortiment<\/a><\/div><\/div><\/div><\/div><\/div><\/div><\/li><li style='background-position:center center;' data-img-url='https:\/\/www.europochette.com\/wp-content\/uploads\/sites\/2\/2022\/12\/Europochette_placemat_gekleurd_01_lowres-1500x1000.jpg' class='avia-slideshow-slide av-jm0brujy-b229dbf91cea5524cd9aa0af5cb61763__2  slide-3 slide-odd'><div data-rel='slideshow-1' class='avia-slide-wrap '   ><div class='av-slideshow-caption av-jm0brujy-b229dbf91cea5524cd9aa0af5cb61763__2 caption_fullwidth caption_bottom'><div class=\"container caption_container\"><div class=\"slideshow_caption\"><div class=\"slideshow_inner_caption\"><div class=\"slideshow_align_caption\"><h2 class='avia-caption-title '  itemprop=\"name\" >Plusieurs solutions pour tous vos besoins<\/h2><div class='avia-caption-content '  itemprop=\"description\" ><p>D\u00e9couvrez notre gamme de pochettes \u00e0 couverts, sets de table et nos serviettes<br \/>\net cr\u00e9ez un look styl\u00e9 pour votre d\u00e9coration de table.<\/p>\n<\/div><a href='https:\/\/europochet.be\/fr\/europochette\/'  class='avia-slideshow-button avia-button avia-color-light ' data-duration='800' data-easing='easeInOutQuad'>Pourquoi Europochette?<\/a><\/div><\/div><\/div><\/div><\/div><\/div><\/li><\/ul><div class='avia-slideshow-arrows avia-slideshow-controls' ><a href='#prev' class='prev-slide ' aria-hidden='true' data-av_icon='\ue87c' data-av_iconfont='entypo-fontello'  tabindex='-1'>Pr\u00e9c\u00e9dent<\/a><a href='#next' class='next-slide ' aria-hidden='true' data-av_icon='\ue87d' data-av_iconfont='entypo-fontello'  tabindex='-1'>Suivant<\/a><\/div><div class='avia-slideshow-dots avia-slideshow-controls'><a href='#1' class='goto-slide active' >1<\/a><a href='#2' class='goto-slide ' >2<\/a><a href='#3' class='goto-slide ' >3<\/a><\/div><\/div><\/div><div id='after_full_slider_1'  class='main_color av_default_container_wrap container_wrap sidebar_right'  ><div class='container av-section-cont-open' ><div class='template-page content  av-content-small alpha units'><div class='post-entry post-entry-type-page post-entry-155'><div class='entry-content-wrapper clearfix'>\n\n<style type=\"text\/css\" data-created_by=\"avia_inline_auto\" id=\"style-css-av-av_heading-b94a0af1f39d9d2a9524adc7ea501b01\">\n#top .av-special-heading.av-av_heading-b94a0af1f39d9d2a9524adc7ea501b01{\npadding-bottom:10px;\n}\nbody .av-special-heading.av-av_heading-b94a0af1f39d9d2a9524adc7ea501b01 .av-special-heading-tag .heading-char{\nfont-size:25px;\n}\n.av-special-heading.av-av_heading-b94a0af1f39d9d2a9524adc7ea501b01 .av-subheading{\nfont-size:15px;\n}\n<\/style>\n<div  class='av-special-heading av-av_heading-b94a0af1f39d9d2a9524adc7ea501b01 av-special-heading-h3  avia-builder-el-1  el_after_av_fullscreen  el_before_av_slideshow_accordion  avia-builder-el-no-sibling '><h3 class='av-special-heading-tag'  itemprop=\"headline\"  >Collection Standard<\/h3><div class=\"special-heading-border\"><div class=\"special-heading-inner-border\"><\/div><\/div><\/div>\n\n<style type=\"text\/css\" data-created_by=\"avia_inline_auto\" id=\"style-css-av-374veb-9d867ddc672b9a4e10ffbe78db57b44e\">\n.avia-accordion.av-374veb-9d867ddc672b9a4e10ffbe78db57b44e{\nmax-height:430px;\n}\n.avia-accordion.av-374veb-9d867ddc672b9a4e10ffbe78db57b44e .aviaccordion-preview{\nwidth:25.1%;\n}\n.avia-accordion .aviaccordion-slide.av-374veb-9d867ddc672b9a4e10ffbe78db57b44e__0{\nleft:0%;\n}\n.avia-accordion .aviaccordion-slide.av-374veb-9d867ddc672b9a4e10ffbe78db57b44e__1{\nleft:25%;\n}\n.avia-accordion .aviaccordion-slide.av-374veb-9d867ddc672b9a4e10ffbe78db57b44e__2{\nleft:50%;\n}\n.avia-accordion .aviaccordion-slide.av-374veb-9d867ddc672b9a4e10ffbe78db57b44e__3{\nleft:75%;\n}\n<\/style>\n<div  id=\"accordion_slider_1\"  class='aviaccordion avia-accordion av-374veb-9d867ddc672b9a4e10ffbe78db57b44e aviaccordion-title-active av-slideshow-autoplay av-loop-endless ' data-slideshow-options=\"{&quot;interval&quot;:3,&quot;autoplay&quot;:true,&quot;loop_autoplay&quot;:&quot;endless&quot;}\"  itemscope=\"itemscope\" itemtype=\"https:\/\/schema.org\/Blog\" ><ul class=\"aviaccordion-inner\"><li class='aviaccordion-slide av-374veb-9d867ddc672b9a4e10ffbe78db57b44e__0 aviaccordion-slide-1' data-av-left='0'  itemscope=\"itemscope\" itemtype=\"https:\/\/schema.org\/CreativeWork\" ><a class='aviaccordion-slide-link noHover' href=\"https:\/\/europochet.be\/fr\/collection-standard\/\"  ><div class='aviaccordion-preview '><\/div><img loading=\"lazy\" decoding=\"async\" width=\"672\" height=\"403\" src=\"https:\/\/www.europochette.com\/wp-content\/uploads\/sites\/2\/2015\/10\/BARI.png\" class=\"aviaccordion-image\" alt=\"\" srcset=\"https:\/\/www.europochette.com\/wp-content\/uploads\/sites\/2\/2015\/10\/BARI.png 672w, https:\/\/www.europochette.com\/wp-content\/uploads\/sites\/2\/2015\/10\/BARI-300x180.png 300w, https:\/\/www.europochette.com\/wp-content\/uploads\/sites\/2\/2015\/10\/BARI-450x270.png 450w\" sizes=\"auto, (max-width: 672px) 100vw, 672px\" \/><\/a><\/li><li class='aviaccordion-slide av-374veb-9d867ddc672b9a4e10ffbe78db57b44e__1 aviaccordion-slide-2' data-av-left='25'  itemscope=\"itemscope\" itemtype=\"https:\/\/schema.org\/CreativeWork\" ><a class='aviaccordion-slide-link noHover' href=\"https:\/\/europochet.be\/fr\/collection-standard\/\"  ><div class='aviaccordion-preview '><\/div><img loading=\"lazy\" decoding=\"async\" width=\"670\" height=\"403\" src=\"https:\/\/www.europochette.com\/wp-content\/uploads\/sites\/2\/2015\/10\/LIMA.png\" class=\"aviaccordion-image\" alt=\"\" srcset=\"https:\/\/www.europochette.com\/wp-content\/uploads\/sites\/2\/2015\/10\/LIMA.png 670w, https:\/\/www.europochette.com\/wp-content\/uploads\/sites\/2\/2015\/10\/LIMA-300x180.png 300w, https:\/\/www.europochette.com\/wp-content\/uploads\/sites\/2\/2015\/10\/LIMA-450x271.png 450w\" sizes=\"auto, (max-width: 670px) 100vw, 670px\" \/><\/a><\/li><li class='aviaccordion-slide av-374veb-9d867ddc672b9a4e10ffbe78db57b44e__2 aviaccordion-slide-3' data-av-left='50'  itemscope=\"itemscope\" itemtype=\"https:\/\/schema.org\/CreativeWork\" ><a class='aviaccordion-slide-link noHover' href=\"https:\/\/europochet.be\/fr\/collection-standard\/\"  ><div class='aviaccordion-preview '><\/div><img loading=\"lazy\" decoding=\"async\" width=\"1034\" height=\"403\" src=\"https:\/\/www.europochette.com\/wp-content\/uploads\/sites\/2\/2017\/07\/Unicolor_3.jpg\" class=\"aviaccordion-image\" alt=\"\" srcset=\"https:\/\/www.europochette.com\/wp-content\/uploads\/sites\/2\/2017\/07\/Unicolor_3.jpg 1034w, https:\/\/www.europochette.com\/wp-content\/uploads\/sites\/2\/2017\/07\/Unicolor_3-300x117.jpg 300w, https:\/\/www.europochette.com\/wp-content\/uploads\/sites\/2\/2017\/07\/Unicolor_3-768x299.jpg 768w, https:\/\/www.europochette.com\/wp-content\/uploads\/sites\/2\/2017\/07\/Unicolor_3-1030x401.jpg 1030w, https:\/\/www.europochette.com\/wp-content\/uploads\/sites\/2\/2017\/07\/Unicolor_3-705x275.jpg 705w, https:\/\/www.europochette.com\/wp-content\/uploads\/sites\/2\/2017\/07\/Unicolor_3-450x175.jpg 450w\" sizes=\"auto, (max-width: 1034px) 100vw, 1034px\" \/><\/a><\/li><li class='aviaccordion-slide av-374veb-9d867ddc672b9a4e10ffbe78db57b44e__3 aviaccordion-slide-4' data-av-left='75'  itemscope=\"itemscope\" itemtype=\"https:\/\/schema.org\/CreativeWork\" ><a class='aviaccordion-slide-link noHover' href=\"https:\/\/europochet.be\/fr\/collection-standard\/\"  ><div class='aviaccordion-preview '><\/div><img loading=\"lazy\" decoding=\"async\" width=\"672\" height=\"403\" src=\"https:\/\/www.europochette.com\/wp-content\/uploads\/sites\/2\/2015\/10\/ECOLINE2.png\" class=\"aviaccordion-image\" alt=\"\" srcset=\"https:\/\/www.europochette.com\/wp-content\/uploads\/sites\/2\/2015\/10\/ECOLINE2.png 672w, https:\/\/www.europochette.com\/wp-content\/uploads\/sites\/2\/2015\/10\/ECOLINE2-300x180.png 300w, https:\/\/www.europochette.com\/wp-content\/uploads\/sites\/2\/2015\/10\/ECOLINE2-450x270.png 450w\" sizes=\"auto, (max-width: 672px) 100vw, 672px\" \/><\/a><\/li><\/ul><div class='aviaccordion-spacer' style='padding-bottom:28.666666666667%'><\/div><\/div>\n\n<style type=\"text\/css\" data-created_by=\"avia_inline_auto\" id=\"style-css-av-av_heading-1b1710cc2464b77ec00fdc8d0ff6ab5b\">\n#top .av-special-heading.av-av_heading-1b1710cc2464b77ec00fdc8d0ff6ab5b{\npadding-bottom:10px;\n}\nbody .av-special-heading.av-av_heading-1b1710cc2464b77ec00fdc8d0ff6ab5b .av-special-heading-tag .heading-char{\nfont-size:25px;\n}\n.av-special-heading.av-av_heading-1b1710cc2464b77ec00fdc8d0ff6ab5b .av-subheading{\nfont-size:15px;\n}\n<\/style>\n<div  class='av-special-heading av-av_heading-1b1710cc2464b77ec00fdc8d0ff6ab5b av-special-heading-h3  avia-builder-el-3  el_after_av_slideshow_accordion  el_before_av_slideshow_accordion  avia-builder-el-no-sibling '><h3 class='av-special-heading-tag'  itemprop=\"headline\"  >Produits Personnalis\u00e9s<\/h3><div class=\"special-heading-border\"><div class=\"special-heading-inner-border\"><\/div><\/div><\/div>\n\n<style type=\"text\/css\" data-created_by=\"avia_inline_auto\" id=\"style-css-av-2b6k4r-500cebb513f8a88964c119f07aba890c\">\n.avia-accordion.av-2b6k4r-500cebb513f8a88964c119f07aba890c{\nmax-height:430px;\n}\n.avia-accordion.av-2b6k4r-500cebb513f8a88964c119f07aba890c .aviaccordion-preview{\nwidth:20.1%;\n}\n.avia-accordion .aviaccordion-slide.av-2b6k4r-500cebb513f8a88964c119f07aba890c__0{\nleft:0%;\n}\n.avia-accordion .aviaccordion-slide.av-2b6k4r-500cebb513f8a88964c119f07aba890c__1{\nleft:20%;\n}\n.avia-accordion .aviaccordion-slide.av-2b6k4r-500cebb513f8a88964c119f07aba890c__2{\nleft:40%;\n}\n.avia-accordion .aviaccordion-slide.av-2b6k4r-500cebb513f8a88964c119f07aba890c__3{\nleft:60%;\n}\n.avia-accordion .aviaccordion-slide.av-2b6k4r-500cebb513f8a88964c119f07aba890c__4{\nleft:80%;\n}\n<\/style>\n<div  id=\"accordion_slider_2\"  class='aviaccordion avia-accordion av-2b6k4r-500cebb513f8a88964c119f07aba890c aviaccordion-title-active av-slideshow-autoplay av-loop-endless ' data-slideshow-options=\"{&quot;interval&quot;:4,&quot;autoplay&quot;:true,&quot;loop_autoplay&quot;:&quot;endless&quot;}\"  itemscope=\"itemscope\" itemtype=\"https:\/\/schema.org\/Blog\" ><ul class=\"aviaccordion-inner\"><li class='aviaccordion-slide av-2b6k4r-500cebb513f8a88964c119f07aba890c__0 aviaccordion-slide-1' data-av-left='0'  itemscope=\"itemscope\" itemtype=\"https:\/\/schema.org\/CreativeWork\" ><a class='aviaccordion-slide-link noHover' href=\"https:\/\/europochet.be\/fr\/personnalisation\/\"  ><div class='aviaccordion-preview '><\/div><img loading=\"lazy\" decoding=\"async\" width=\"1000\" height=\"430\" src=\"https:\/\/www.europochette.com\/wp-content\/uploads\/sites\/2\/2015\/10\/Personalized_4-1000x430.jpg\" class=\"aviaccordion-image\" alt=\"\" \/><\/a><\/li><li class='aviaccordion-slide av-2b6k4r-500cebb513f8a88964c119f07aba890c__1 aviaccordion-slide-2' data-av-left='20'  itemscope=\"itemscope\" itemtype=\"https:\/\/schema.org\/CreativeWork\" ><a class='aviaccordion-slide-link noHover' href=\"https:\/\/europochet.be\/fr\/personnalisation\/\"  ><div class='aviaccordion-preview '><\/div><img loading=\"lazy\" decoding=\"async\" width=\"1000\" height=\"430\" src=\"https:\/\/www.europochette.com\/wp-content\/uploads\/sites\/2\/2015\/10\/Personalized_1-1000x430.jpg\" class=\"aviaccordion-image\" alt=\"\" \/><\/a><\/li><li class='aviaccordion-slide av-2b6k4r-500cebb513f8a88964c119f07aba890c__2 aviaccordion-slide-3' data-av-left='40'  itemscope=\"itemscope\" itemtype=\"https:\/\/schema.org\/CreativeWork\" ><a class='aviaccordion-slide-link noHover' href=\"https:\/\/europochet.be\/fr\/personnalisation\/\"  ><div class='aviaccordion-preview '><\/div><img loading=\"lazy\" decoding=\"async\" width=\"1000\" height=\"430\" src=\"https:\/\/www.europochette.com\/wp-content\/uploads\/sites\/2\/2015\/10\/Personalized_8-1000x430.jpg\" class=\"aviaccordion-image\" alt=\"\" \/><\/a><\/li><li class='aviaccordion-slide av-2b6k4r-500cebb513f8a88964c119f07aba890c__3 aviaccordion-slide-4' data-av-left='60'  itemscope=\"itemscope\" itemtype=\"https:\/\/schema.org\/CreativeWork\" ><a class='aviaccordion-slide-link noHover' href=\"https:\/\/europochet.be\/fr\/personnalisation\/\"  ><div class='aviaccordion-preview '><\/div><img loading=\"lazy\" decoding=\"async\" width=\"1000\" height=\"430\" src=\"https:\/\/www.europochette.com\/wp-content\/uploads\/sites\/2\/2015\/10\/Personalized_3-1000x430.jpg\" class=\"aviaccordion-image\" alt=\"\" \/><\/a><\/li><li class='aviaccordion-slide av-2b6k4r-500cebb513f8a88964c119f07aba890c__4 aviaccordion-slide-5' data-av-left='80'  itemscope=\"itemscope\" itemtype=\"https:\/\/schema.org\/CreativeWork\" ><a class='aviaccordion-slide-link noHover' href=\"https:\/\/europochet.be\/fr\/personnalisation\/\"  ><div class='aviaccordion-preview '><\/div><img loading=\"lazy\" decoding=\"async\" width=\"1000\" height=\"430\" src=\"https:\/\/www.europochette.com\/wp-content\/uploads\/sites\/2\/2015\/10\/Personalized_6-1000x430.jpg\" class=\"aviaccordion-image\" alt=\"\" \/><\/a><\/li><\/ul><div class='aviaccordion-spacer' style='padding-bottom:28.666666666667%'><\/div><\/div>\n\n<style type=\"text\/css\" data-created_by=\"avia_inline_auto\" id=\"style-css-av-av_heading-28ce5fa67780a054b668cf74e12d7fd6\">\n#top .av-special-heading.av-av_heading-28ce5fa67780a054b668cf74e12d7fd6{\npadding-bottom:10px;\n}\nbody .av-special-heading.av-av_heading-28ce5fa67780a054b668cf74e12d7fd6 .av-special-heading-tag .heading-char{\nfont-size:25px;\n}\n.av-special-heading.av-av_heading-28ce5fa67780a054b668cf74e12d7fd6 .av-subheading{\nfont-size:15px;\n}\n<\/style>\n<div  class='av-special-heading av-av_heading-28ce5fa67780a054b668cf74e12d7fd6 av-special-heading-h3  avia-builder-el-5  el_after_av_slideshow_accordion  el_before_av_slideshow_accordion  avia-builder-el-no-sibling '><h3 class='av-special-heading-tag'  itemprop=\"headline\"  >Options Suppl\u00e9mentaires<\/h3><div class=\"special-heading-border\"><div class=\"special-heading-inner-border\"><\/div><\/div><\/div>\n\n<style type=\"text\/css\" data-created_by=\"avia_inline_auto\" id=\"style-css-av-123nqz-b47046995915961a6c9f87364fdb7dfd\">\n.avia-accordion.av-123nqz-b47046995915961a6c9f87364fdb7dfd{\nmax-height:430px;\n}\n.avia-accordion.av-123nqz-b47046995915961a6c9f87364fdb7dfd .aviaccordion-preview{\nwidth:20.1%;\n}\n.avia-accordion .aviaccordion-slide.av-123nqz-b47046995915961a6c9f87364fdb7dfd__0{\nleft:0%;\n}\n.avia-accordion .aviaccordion-slide.av-123nqz-b47046995915961a6c9f87364fdb7dfd__1{\nleft:20%;\n}\n.avia-accordion .aviaccordion-slide.av-123nqz-b47046995915961a6c9f87364fdb7dfd__2{\nleft:40%;\n}\n.avia-accordion .aviaccordion-slide.av-123nqz-b47046995915961a6c9f87364fdb7dfd__3{\nleft:60%;\n}\n.avia-accordion .aviaccordion-slide.av-123nqz-b47046995915961a6c9f87364fdb7dfd__4{\nleft:80%;\n}\n<\/style>\n<div  id=\"accordion_slider_3\"  class='aviaccordion avia-accordion av-123nqz-b47046995915961a6c9f87364fdb7dfd aviaccordion-title-active av-slideshow-autoplay av-loop-endless ' data-slideshow-options=\"{&quot;interval&quot;:4,&quot;autoplay&quot;:true,&quot;loop_autoplay&quot;:&quot;endless&quot;}\"  itemscope=\"itemscope\" itemtype=\"https:\/\/schema.org\/Blog\" ><ul class=\"aviaccordion-inner\"><li class='aviaccordion-slide av-123nqz-b47046995915961a6c9f87364fdb7dfd__0 aviaccordion-slide-1' data-av-left='0'  itemscope=\"itemscope\" itemtype=\"https:\/\/schema.org\/CreativeWork\" ><a class='aviaccordion-slide-link noHover' href=\"https:\/\/europochet.be\/fr\/options\/\"  ><div class='aviaccordion-preview '><\/div><img loading=\"lazy\" decoding=\"async\" width=\"1000\" height=\"430\" src=\"https:\/\/www.europochette.com\/wp-content\/uploads\/sites\/2\/2015\/10\/Specials_1-1000x430.jpg\" class=\"aviaccordion-image\" alt=\"\" \/><\/a><\/li><li class='aviaccordion-slide av-123nqz-b47046995915961a6c9f87364fdb7dfd__1 aviaccordion-slide-2' data-av-left='20'  itemscope=\"itemscope\" itemtype=\"https:\/\/schema.org\/CreativeWork\" ><a class='aviaccordion-slide-link noHover' href=\"https:\/\/europochet.be\/fr\/options\/\"  ><div class='aviaccordion-preview '><\/div><img loading=\"lazy\" decoding=\"async\" width=\"1000\" height=\"430\" src=\"https:\/\/www.europochette.com\/wp-content\/uploads\/sites\/2\/2015\/10\/Specials_2-1000x430.jpg\" class=\"aviaccordion-image\" alt=\"\" \/><\/a><\/li><li class='aviaccordion-slide av-123nqz-b47046995915961a6c9f87364fdb7dfd__2 aviaccordion-slide-3' data-av-left='40'  itemscope=\"itemscope\" itemtype=\"https:\/\/schema.org\/CreativeWork\" ><a class='aviaccordion-slide-link noHover' href=\"https:\/\/europochet.be\/fr\/options\/\"  ><div class='aviaccordion-preview '><\/div><img loading=\"lazy\" decoding=\"async\" width=\"1000\" height=\"430\" src=\"https:\/\/www.europochette.com\/wp-content\/uploads\/sites\/2\/2015\/10\/Specials_3-1000x430.jpg\" class=\"aviaccordion-image\" alt=\"\" \/><\/a><\/li><li class='aviaccordion-slide av-123nqz-b47046995915961a6c9f87364fdb7dfd__3 aviaccordion-slide-4' data-av-left='60'  itemscope=\"itemscope\" itemtype=\"https:\/\/schema.org\/CreativeWork\" ><a class='aviaccordion-slide-link noHover' href=\"https:\/\/europochet.be\/fr\/options\/\"  ><div class='aviaccordion-preview '><\/div><img loading=\"lazy\" decoding=\"async\" width=\"1000\" height=\"430\" src=\"https:\/\/www.europochette.com\/wp-content\/uploads\/sites\/2\/2015\/10\/Specials_4-1000x430.jpg\" class=\"aviaccordion-image\" alt=\"\" \/><\/a><\/li><li class='aviaccordion-slide av-123nqz-b47046995915961a6c9f87364fdb7dfd__4 aviaccordion-slide-5' data-av-left='80'  itemscope=\"itemscope\" itemtype=\"https:\/\/schema.org\/CreativeWork\" ><a class='aviaccordion-slide-link noHover' href=\"https:\/\/europochet.be\/fr\/options\/\"  ><div class='aviaccordion-preview '><\/div><img loading=\"lazy\" decoding=\"async\" width=\"1500\" height=\"430\" src=\"https:\/\/www.europochette.com\/wp-content\/uploads\/sites\/2\/2019\/12\/Kids-Kawaii-PM-and-RTS-Sfeerbeeld-kopie-1500x430.jpg\" class=\"aviaccordion-image\" alt=\"\" \/><\/a><\/li><\/ul><div class='aviaccordion-spacer' style='padding-bottom:28.666666666667%'><\/div><\/div>\n","protected":false},"excerpt":{"rendered":"","protected":false},"author":1,"featured_media":0,"parent":0,"menu_order":0,"comment_status":"closed","ping_status":"closed","template":"","meta":{"footnotes":""},"class_list":["post-155","page","type-page","status-publish","hentry"],"_links":{"self":[{"href":"https:\/\/europochet.be\/fr\/wp-json\/wp\/v2\/pages\/155\/"}],"collection":[{"href":"https:\/\/europochet.be\/fr\/wp-json\/wp\/v2\/pages\/"}],"about":[{"href":"https:\/\/europochet.be\/fr\/wp-json\/wp\/v2\/types\/page\/"}],"author":[{"embeddable":true,"href":"https:\/\/europochet.be\/fr\/wp-json\/wp\/v2\/users\/1\/"}],"replies":[{"embeddable":true,"href":"https:\/\/europochet.be\/fr\/wp-json\/wp\/v2\/comments\/?post=155"}],"version-history":[{"count":17,"href":"https:\/\/europochet.be\/fr\/wp-json\/wp\/v2\/pages\/155\/revisions\/"}],"predecessor-version":[{"id":4111,"href":"https:\/\/europochet.be\/fr\/wp-json\/wp\/v2\/pages\/155\/revisions\/4111\/"}],"wp:attachment":[{"href":"https:\/\/europochet.be\/fr\/wp-json\/wp\/v2\/media\/?parent=155"}],"curies":[{"name":"wp","href":"https:\/\/api.w.org\/{rel}","templated":true}]}}