{"id":158,"date":"2015-09-29T16:20:41","date_gmt":"2015-09-29T14:20:41","guid":{"rendered":"http:\/\/eurodev.n2one.eu\/com\/fr\/?page_id=158"},"modified":"2025-03-12T14:58:04","modified_gmt":"2025-03-12T13:58:04","slug":"contact","status":"publish","type":"page","link":"https:\/\/europochet.be\/fr\/contact\/","title":{"rendered":"Contact"},"content":{"rendered":"\n<style type=\"text\/css\" data-created_by=\"avia_inline_auto\" id=\"style-css-av-2iobjy-ee6c1953c112c9b7551556e959f2bdcd\">\n.flex_column.av-2iobjy-ee6c1953c112c9b7551556e959f2bdcd{\nborder-radius:0px 0px 0px 0px;\npadding:0px 0px 0px 0px;\n}\n<\/style>\n<div  class='flex_column av-2iobjy-ee6c1953c112c9b7551556e959f2bdcd av_one_third  avia-builder-el-0  el_before_av_two_third  avia-builder-el-first  first flex_column_div av-zero-column-padding  '     ><p>\n<style type=\"text\/css\" data-created_by=\"avia_inline_auto\" id=\"style-css-av-jm0ku9mu-f946f4f25c1f61e0218366486f66a73a\">\n.iconbox.av-jm0ku9mu-f946f4f25c1f61e0218366486f66a73a .iconbox_icon{\ncolor:#0b6843;\n}\n<\/style>\n<article  class='iconbox iconbox_left_content av-jm0ku9mu-f946f4f25c1f61e0218366486f66a73a  avia-builder-el-1  el_before_av_icon_box  avia-builder-el-first '  itemscope=\"itemscope\" itemtype=\"https:\/\/schema.org\/CreativeWork\" ><div class=\"iconbox_icon heading-color\" aria-hidden='true' data-av_icon='\ue8b1' data-av_iconfont='entypo-fontello'><\/div><div class=\"iconbox_content\"><header class=\"entry-content-header\"><h3 class='iconbox_content_title '  itemprop=\"headline\" >Adresse<\/h3><\/header><div class='iconbox_content_container '  itemprop=\"text\" ><p><strong>Europochette NV<\/strong><\/p>\n<p>Hogenakkerhoekstraat 8, 9150 Kruibeke, Belg\u00efe<\/p>\n<p>TVA: BE0472680604<\/p>\n<p>Num\u00e9ro d&rsquo;entreprise: 0472.680.604<\/p>\n<\/div><\/div><footer class=\"entry-footer\"><\/footer><\/article><br \/>\n\n<style type=\"text\/css\" data-created_by=\"avia_inline_auto\" id=\"style-css-av-jm0kuf77-f328245f36eab298b33b46434576c9db\">\n.iconbox.av-jm0kuf77-f328245f36eab298b33b46434576c9db .iconbox_icon{\ncolor:#0b6843;\n}\n<\/style>\n<article  class='iconbox iconbox_left_content av-jm0kuf77-f328245f36eab298b33b46434576c9db  avia-builder-el-2  el_after_av_icon_box  el_before_av_icon_box '  itemscope=\"itemscope\" itemtype=\"https:\/\/schema.org\/CreativeWork\" ><div class=\"iconbox_icon heading-color\" aria-hidden='true' data-av_icon='\ue854' data-av_iconfont='entypo-fontello'><\/div><div class=\"iconbox_content\"><header class=\"entry-content-header\"><h3 class='iconbox_content_title '  itemprop=\"headline\" >T\u00e9l\u00e9phone<\/h3><\/header><div class='iconbox_content_container '  itemprop=\"text\" ><p>Tel: +32 3 210 17 00<\/p>\n<\/div><\/div><footer class=\"entry-footer\"><\/footer><\/article><br \/>\n\n<style type=\"text\/css\" data-created_by=\"avia_inline_auto\" id=\"style-css-av-jm0kukh9-d29e6f58f397aaaa5ac6394a4b04b152\">\n.iconbox.av-jm0kukh9-d29e6f58f397aaaa5ac6394a4b04b152 .iconbox_icon{\ncolor:#0b6843;\n}\n<\/style>\n<article  class='iconbox iconbox_left_content av-jm0kukh9-d29e6f58f397aaaa5ac6394a4b04b152  avia-builder-el-3  el_after_av_icon_box  avia-builder-el-last '  itemscope=\"itemscope\" itemtype=\"https:\/\/schema.org\/CreativeWork\" ><div class=\"iconbox_icon heading-color\" aria-hidden='true' data-av_icon='\ue8d7' data-av_iconfont='entypo-fontello'><\/div><div class=\"iconbox_content\"><header class=\"entry-content-header\"><h3 class='iconbox_content_title '  itemprop=\"headline\" >Heures d\u2019ouverture<\/h3><\/header><div class='iconbox_content_container '  itemprop=\"text\" ><ul>\n<li>Du lundi au jeudi: 8h30 \u2013 12h00 et\u00a012h30 \u2013 17h00<\/li>\n<li>Vendredi: 8h30 \u2013 12h00 et 12h30 \u2013 14h30<\/li>\n<\/ul>\n<\/div><\/div><footer class=\"entry-footer\"><\/footer><\/article><\/p><\/div>\n\n<style type=\"text\/css\" data-created_by=\"avia_inline_auto\" id=\"style-css-av-2ej91i-29804ad9823d12dbcc7a6320c554aa08\">\n.flex_column.av-2ej91i-29804ad9823d12dbcc7a6320c554aa08{\nborder-radius:0px 0px 0px 0px;\npadding:0px 0px 0px 0px;\n}\n<\/style>\n<div  class='flex_column av-2ej91i-29804ad9823d12dbcc7a6320c554aa08 av_two_third  avia-builder-el-4  el_after_av_one_third  el_before_av_two_third  flex_column_div av-zero-column-padding  '     ><div  class='av_gmaps_sc_main_wrap av_gmaps_main_wrap '><div id='av_gmap_0' class='avia-google-map-container avia-google-map-sc av_gmaps_show_unconditionally av-no-fallback-img ' data-mapid='av_gmap_0'  style='height: 400px;'><a class=\"av_gmaps_browser_disabled av_text_confirm_link av_text_confirm_link_visible\" href=\"https:\/\/www.google.com\/maps\/search\/?api=1&#038;query=Hogenakkerhoekstraat%208%20%20Kruibeke%20%20Belgium\" target=\"_blank\" rel=\"noopener\">Les cartes ont \u00e9t\u00e9 d\u00e9sactiv\u00e9es par le visiteur sur ce site. Cliquer pour ouvrir la carte dans une nouvelle fen\u00eatre.<\/a><\/div><\/div><\/div>\n\n<style type=\"text\/css\" data-created_by=\"avia_inline_auto\" id=\"style-css-av-1vq94m-1a841b9420eb69398f0ac3ed1c88caca\">\n.flex_column.av-1vq94m-1a841b9420eb69398f0ac3ed1c88caca{\nborder-radius:0px 0px 0px 0px;\npadding:0px 0px 0px 0px;\n}\n<\/style>\n<div  class='flex_column av-1vq94m-1a841b9420eb69398f0ac3ed1c88caca av_two_third  avia-builder-el-6  el_after_av_two_third  el_before_av_one_third  first flex_column_div av-zero-column-padding  column-top-margin'     ><form action=\"https:\/\/europochet.be\/fr\/contact\/\" method=\"post\" data-fields-with-error=\"Erreurs trouv\u00e9es dans les champs suivants :\" class=\"avia_ajax_form av-form-labels-visible   avia-builder-el-7  avia-builder-el-no-sibling   \" data-avia-form-id=\"1\" data-avia-redirect='' ><h3 class=''>Envoyez-nous un email<\/h3><fieldset><p class='  first_form  form_element form_fullwidth' id='element_avia_1_1'><label for=\"avia_1_1\">Nom <abbr class=\"required\" title=\"requis(e)\">*<\/abbr><\/label> <input name=\"avia_1_1\" class=\"text_input is_empty\" type=\"text\" id=\"avia_1_1\" value=\"\" \/><\/p><p class='  first_form  form_element form_fullwidth' id='element_avia_2_1'><label for=\"avia_2_1\">Sujet <abbr class=\"required\" title=\"requis(e)\">*<\/abbr><\/label> <input name=\"avia_2_1\" class=\"text_input is_empty\" type=\"text\" id=\"avia_2_1\" value=\"\" \/><\/p><p class='  first_form  form_element form_fullwidth' id='element_avia_3_1'><label for=\"avia_3_1\">E-mail <abbr class=\"required\" title=\"requis(e)\">*<\/abbr><\/label> <input name=\"avia_3_1\" class=\"text_input is_email\" type=\"text\" id=\"avia_3_1\" value=\"\" \/><\/p><p class='  first_form  form_element form_fullwidth' id='element_avia_4_1'><label for=\"avia_4_1\">Tel <abbr class=\"required\" title=\"requis(e)\">*<\/abbr><\/label> <input name=\"avia_4_1\" class=\"text_input is_phone\" type=\"text\" id=\"avia_4_1\" value=\"\" \/><\/p><p class='  first_form  form_element form_fullwidth' id='element_avia_5_1'><label for=\"avia_5_1\">Sujet <abbr class=\"required\" title=\"requis(e)\">*<\/abbr><\/label> <input name=\"avia_5_1\" class=\"text_input is_empty\" type=\"text\" id=\"avia_5_1\" value=\"\" \/><\/p><p class='  first_form  form_element form_fullwidth' id='element_avia_6_1'><label for=\"avia_6_1\" class=\"textare_label hidden textare_label_avia_6_1\">Message <abbr class=\"required\" title=\"requis(e)\">*<\/abbr><\/label><textarea  name=\"avia_6_1\" class=\"text_area is_empty\" cols=\"40\" rows=\"7\" id=\"avia_6_1\" ><\/textarea><\/p><p class=\"hidden\"><input type=\"text\" name=\"avia_7_1\" class=\"hidden \" id=\"avia_7_1\" value=\"\" \/><\/p><div id='avia_8_1' class='av-recaptcha-area  first_form  form_element form_fullwidth '  data-container_class=\"\" data-custom_class=\"\" data-context=\"av_contact_form\" data-token_input=\"av_recaptcha_token\" data-version=\"avia_recaptcha_v3\" data-theme=\"light\" data-size=\"normal\" data-score=\"0.5\" data-text_to_preview=\"\" data-value=\"\"><div class=\"av-google-badge-message hidden\">Ce site est prot\u00e9g\u00e9 par reCAPTCHA et la <a href=\"https:\/\/policies.google.com\/privacy\">politique de confidentialit\u00e9<\/a> de Google et <a href=\"https:\/\/policies.google.com\/terms\">leur conditions d\u2019utilisation<\/a> s\u2019appliquent.<\/div><\/div><p class=\"form_element \"><input type=\"hidden\" value=\"1\" name=\"avia_generated_form1\" \/><input type=\"submit\" value=\"Envoyer\" class=\"button\"  data-sending-label=\"Envoi\"\/><\/p><\/fieldset><div class=\"avia-disabled-form\">Ce formulaire est d\u00e9sactiv\u00e9 dans la mesure o\u00f9 vous refusez d\u2019accepter le service Google reCAPTCHA n\u00e9cessaire pour valider toute exp\u00e9dition de message depuis celui-ci.<\/div><\/form><div id=\"ajaxresponse_1\" class=\"ajaxresponse ajaxresponse_1 hidden\"><\/div><\/div>\n\n<style type=\"text\/css\" data-created_by=\"avia_inline_auto\" id=\"style-css-av-l5ara-bfe28dbf1c36df8d7a0c3e1dd695c4bd\">\n.flex_column.av-l5ara-bfe28dbf1c36df8d7a0c3e1dd695c4bd{\nborder-radius:0px 0px 0px 0px;\npadding:0px 0px 0px 0px;\n}\n<\/style>\n<div  class='flex_column av-l5ara-bfe28dbf1c36df8d7a0c3e1dd695c4bd av_one_third  avia-builder-el-8  el_after_av_two_third  avia-builder-el-last  flex_column_div av-zero-column-padding  column-top-margin'     ><div  class='avia-builder-widget-area clearfix  avia-builder-el-9  avia-builder-el-no-sibling '><div id=\"avia_fb_likebox-2\" class=\"widget clearfix avia-widget-container avia_fb_likebox avia_no_block_preview\"><div class=\"avia-preview-headline\">Enfold Child Likebox Facebook<\/div><div class=\"avia-preview-info\">Titre : <\/div><div class=\"avia-preview-info\">URL : https:\/\/www.facebook.com\/EuropochetteGroup<\/div><div class=\"avia-preview-in-front\">Le contenu n\u2019est restitu\u00e9 qu\u2019en partie publique.<\/div><\/div><\/div><\/div>\n","protected":false},"excerpt":{"rendered":"","protected":false},"author":1,"featured_media":0,"parent":0,"menu_order":0,"comment_status":"closed","ping_status":"closed","template":"","meta":{"footnotes":""},"class_list":["post-158","page","type-page","status-publish","hentry"],"_links":{"self":[{"href":"https:\/\/europochet.be\/fr\/wp-json\/wp\/v2\/pages\/158\/"}],"collection":[{"href":"https:\/\/europochet.be\/fr\/wp-json\/wp\/v2\/pages\/"}],"about":[{"href":"https:\/\/europochet.be\/fr\/wp-json\/wp\/v2\/types\/page\/"}],"author":[{"embeddable":true,"href":"https:\/\/europochet.be\/fr\/wp-json\/wp\/v2\/users\/1\/"}],"replies":[{"embeddable":true,"href":"https:\/\/europochet.be\/fr\/wp-json\/wp\/v2\/comments\/?post=158"}],"version-history":[{"count":21,"href":"https:\/\/europochet.be\/fr\/wp-json\/wp\/v2\/pages\/158\/revisions\/"}],"predecessor-version":[{"id":4220,"href":"https:\/\/europochet.be\/fr\/wp-json\/wp\/v2\/pages\/158\/revisions\/4220\/"}],"wp:attachment":[{"href":"https:\/\/europochet.be\/fr\/wp-json\/wp\/v2\/media\/?parent=158"}],"curies":[{"name":"wp","href":"https:\/\/api.w.org\/{rel}","templated":true}]}}