{"id":354,"date":"2015-09-29T16:19:42","date_gmt":"2015-09-29T14:19:42","guid":{"rendered":"http:\/\/eurodev.n2one.eu\/com\/fr\/gepersonaliseerd\/"},"modified":"2022-12-09T10:46:26","modified_gmt":"2022-12-09T09:46:26","slug":"personnalisation","status":"publish","type":"page","link":"https:\/\/europochet.be\/fr\/personnalisation\/","title":{"rendered":"Produits personnalis\u00e9es"},"content":{"rendered":"\n<style type=\"text\/css\" data-created_by=\"avia_inline_auto\" id=\"style-css-av-lbgbncd1-a00b746c58644171450ff1ac02663e0b\">\n#top .av-special-heading.av-lbgbncd1-a00b746c58644171450ff1ac02663e0b{\npadding-bottom:10px;\n}\nbody .av-special-heading.av-lbgbncd1-a00b746c58644171450ff1ac02663e0b .av-special-heading-tag .heading-char{\nfont-size:25px;\n}\n.av-special-heading.av-lbgbncd1-a00b746c58644171450ff1ac02663e0b .av-subheading{\nfont-size:15px;\n}\n<\/style>\n<div  class='av-special-heading av-lbgbncd1-a00b746c58644171450ff1ac02663e0b av-special-heading-h1 blockquote modern-quote  avia-builder-el-0  el_before_av_hr  avia-builder-el-first '><h1 class='av-special-heading-tag'  itemprop=\"headline\"  >Produits personnalis\u00e9es de Europochette\u00ae<\/h1><div class=\"special-heading-border\"><div class=\"special-heading-inner-border\"><\/div><\/div><\/div>\n\n<style type=\"text\/css\" data-created_by=\"avia_inline_auto\" id=\"style-css-av-1yi4yi-d5fb98776cc0d5ffa0d6338ea1051e00\">\n#top .hr.hr-invisible.av-1yi4yi-d5fb98776cc0d5ffa0d6338ea1051e00{\nheight:20px;\n}\n<\/style>\n<div  class='hr av-1yi4yi-d5fb98776cc0d5ffa0d6338ea1051e00 hr-invisible  avia-builder-el-1  el_after_av_heading  el_before_av_one_half '><span class='hr-inner '><span class=\"hr-inner-style\"><\/span><\/span><\/div>\n\n<style type=\"text\/css\" data-created_by=\"avia_inline_auto\" id=\"style-css-av-1oz9le-3407866c1c01195300bf446bb621b32b\">\n.flex_column.av-1oz9le-3407866c1c01195300bf446bb621b32b{\nborder-radius:0px 0px 0px 0px;\npadding:0px 0px 0px 0px;\n}\n<\/style>\n<div  class='flex_column av-1oz9le-3407866c1c01195300bf446bb621b32b av_one_half  avia-builder-el-2  el_after_av_hr  el_before_av_one_half  first flex_column_div av-zero-column-padding  '     ><style type=\"text\/css\" data-created_by=\"avia_inline_auto\" id=\"style-css-av-jm0knyem-8c4fa0429bc9d576ab0870e182d5bfd7\">\n#top .avia-icon-list-container.av-jm0knyem-8c4fa0429bc9d576ab0870e182d5bfd7 .iconlist_icon{\ncolor:#0b6843;\n}\n<\/style>\n<div  class='avia-icon-list-container av-jm0knyem-8c4fa0429bc9d576ab0870e182d5bfd7  avia-builder-el-3  avia-builder-el-no-sibling '><ul class='avia-icon-list avia_animate_when_almost_visible avia-icon-list-left av-iconlist-big av-jm0knyem-8c4fa0429bc9d576ab0870e182d5bfd7 avia-iconlist-animate'>\n<li><div class='iconlist_icon av-1j9p4q-89c1bfdd6eeddee0173e5ee609705e18 avia-font-entypo-fontello'><span class='iconlist-char' aria-hidden='true' data-av_icon='\ue837' data-av_iconfont='entypo-fontello'><\/span><\/div><article class=\"article-icon-entry \"  itemscope=\"itemscope\" itemtype=\"https:\/\/schema.org\/CreativeWork\" ><div class=\"iconlist_content_wrap\"><header class=\"entry-content-header\"><h4 class='av_iconlist_title iconlist_title  '  itemprop=\"headline\" >Avec votre logo<\/h4><\/header><div class='iconlist_content '  itemprop=\"text\" ><p>Vous voulez que votre pochette soit en accord avec votre identit\u00e9 visuelle, vous pouvez la personnaliser en ajoutant votre logo.<\/p>\n<\/div><\/div><footer class=\"entry-footer\"><\/footer><\/article><div class=\"iconlist-timeline\"><\/div><\/li>\n<li><div class='iconlist_icon av-1fh8bm-f9c06906a27b06d3b2c47b5e2158bd16 avia-font-entypo-fontello'><span class='iconlist-char' aria-hidden='true' data-av_icon='\ue8a4' data-av_iconfont='entypo-fontello'><\/span><\/div><article class=\"article-icon-entry \"  itemscope=\"itemscope\" itemtype=\"https:\/\/schema.org\/CreativeWork\" ><div class=\"iconlist_content_wrap\"><header class=\"entry-content-header\"><h4 class='av_iconlist_title iconlist_title  '  itemprop=\"headline\" >Avec vos couleurs<\/h4><\/header><div class='iconlist_content '  itemprop=\"text\" ><p>Vous voulez que votre pochette passe dans les tons de votre \u00e9tablissement, alors choisissez les couleurs Pantone que vous d\u00e9sirez.<\/p>\n<\/div><\/div><footer class=\"entry-footer\"><\/footer><\/article><div class=\"iconlist-timeline\"><\/div><\/li>\n<li><div class='iconlist_icon av-18ezjm-fc734ef71525477e784ee39282604116 avia-font-entypo-fontello'><span class='iconlist-char' aria-hidden='true' data-av_icon='\ue836' data-av_iconfont='entypo-fontello'><\/span><\/div><article class=\"article-icon-entry \"  itemscope=\"itemscope\" itemtype=\"https:\/\/schema.org\/CreativeWork\" ><div class=\"iconlist_content_wrap\"><header class=\"entry-content-header\"><h4 class='av_iconlist_title iconlist_title  '  itemprop=\"headline\" >Avec votre design<\/h4><\/header><div class='iconlist_content '  itemprop=\"text\" ><p>Vous avez d\u00e9j\u00e0 une esquisse ou une id\u00e9e, mais vous n&rsquo;\u00eates pas encore s\u00fbr du r\u00e9sultat, alors <a href=\"http:\/\/eurodev.n2one.eu\/com\/fr\/contact\/\">contactez-nous<\/a>, nous vous aiderons \u00e0 faire le bon choix.<\/p>\n<\/div><\/div><footer class=\"entry-footer\"><\/footer><\/article><div class=\"iconlist-timeline\"><\/div><\/li>\n<\/ul><\/div><\/div>\n\n<style type=\"text\/css\" data-created_by=\"avia_inline_auto\" id=\"style-css-av-14ymoy-2c4fab8e8bd44853f2a75365a82ac081\">\n.flex_column.av-14ymoy-2c4fab8e8bd44853f2a75365a82ac081{\nborder-radius:0px 0px 0px 0px;\npadding:0px 0px 0px 0px;\n}\n<\/style>\n<div  class='flex_column av-14ymoy-2c4fab8e8bd44853f2a75365a82ac081 av_one_half  avia-builder-el-4  el_after_av_one_half  el_before_av_heading  flex_column_div av-zero-column-padding  '     ><style type=\"text\/css\" data-created_by=\"avia_inline_auto\" id=\"style-css-av-jm0ko3y7-ac88a80eed738744b8be3db338ebf413\">\n#top .avia-icon-list-container.av-jm0ko3y7-ac88a80eed738744b8be3db338ebf413 .iconlist_icon{\ncolor:#0b6843;\n}\n<\/style>\n<div  class='avia-icon-list-container av-jm0ko3y7-ac88a80eed738744b8be3db338ebf413  avia-builder-el-5  avia-builder-el-no-sibling '><ul class='avia-icon-list avia_animate_when_almost_visible avia-icon-list-left av-iconlist-big av-jm0ko3y7-ac88a80eed738744b8be3db338ebf413 avia-iconlist-animate'>\n<li><div class='iconlist_icon av-yvy0a-a13303dca1d878c5566d4bc368ca8647 avia-font-entypo-fontello'><span class='iconlist-char' aria-hidden='true' data-av_icon='\ue86b' data-av_iconfont='entypo-fontello'><\/span><\/div><article class=\"article-icon-entry \"  itemscope=\"itemscope\" itemtype=\"https:\/\/schema.org\/CreativeWork\" ><div class=\"iconlist_content_wrap\"><header class=\"entry-content-header\"><h4 class='av_iconlist_title iconlist_title  '  itemprop=\"headline\" >Plusieurs formats disponibles<\/h4><\/header><div class='iconlist_content '  itemprop=\"text\" ><p>Vous trouvez notre collection standard trop petite ? Vous souhaiteriez une pochette plus longue ? Nous avons ce que vous cherchez. Nos pochettes peuvent \u00eatre imprim\u00e9es en 8,5 x 20 cm, 10 x 20 cm, 7,5 x 23cm etc&#8230;\u00a0<a href=\"http:\/\/eurodev.n2one.eu\/com\/fr\/contact\/\">Contactez-nous<\/a>, nous vous aiderons \u00e0 faire le bon choix.<\/p>\n<\/div><\/div><footer class=\"entry-footer\"><\/footer><\/article><div class=\"iconlist-timeline\"><\/div><\/li>\n<li><div class='iconlist_icon av-pav62-a6c18a9be4b593d17b26a311322fad67 avia-font-entypo-fontello'><span class='iconlist-char' aria-hidden='true' data-av_icon='\ue82b' data-av_iconfont='entypo-fontello'><\/span><\/div><article class=\"article-icon-entry \"  itemscope=\"itemscope\" itemtype=\"https:\/\/schema.org\/CreativeWork\" ><div class=\"iconlist_content_wrap\"><header class=\"entry-content-header\"><h4 class='av_iconlist_title iconlist_title  '  itemprop=\"headline\" >Choix entre 3 qualit\u00e9s de serviettes<\/h4><\/header><div class='iconlist_content '  itemprop=\"text\" ><p>La serviette est l&rsquo;\u00e9l\u00e9ment le plus important pour vous ? Nous avons s\u00fbrement celle qu&rsquo;il vous faut. Nos pochettes peuvent \u00eatre remplies avec 3 types de serviettes: Ouate, Celi-ouate, Celisoft. Trouvez plus <a href=\"http:\/\/eurodev.n2one.eu\/com\/fr\/serviettes-tete-a-tete\/\">d&rsquo;informations sur nos serviettes ici<\/a>.<\/p>\n<\/div><\/div><footer class=\"entry-footer\"><\/footer><\/article><div class=\"iconlist-timeline\"><\/div><\/li>\n<li><div class='iconlist_icon av-jb81u-aac5497c39414b83104cfc07c32a2205 avia-font-entypo-fontello'><span class='iconlist-char' aria-hidden='true' data-av_icon='\ue864' data-av_iconfont='entypo-fontello'><\/span><\/div><article class=\"article-icon-entry \"  itemscope=\"itemscope\" itemtype=\"https:\/\/schema.org\/CreativeWork\" ><div class=\"iconlist_content_wrap\"><header class=\"entry-content-header\"><h4 class='av_iconlist_title iconlist_title  '  itemprop=\"headline\" >Assorties avec vos sets de table, ovales, dessous de verre, pochette \u00e0 addition etc...<\/h4><\/header><div class='iconlist_content '  itemprop=\"text\" ><p>Vous d\u00e9sirez plus qu&rsquo;uniquement une pochette personnalis\u00e9e. Chez Europochette vous pouvez aussi personnaliser vos sets de tables, ovales, dessous de verre, pochette \u00e0 addition etc&#8230; Nous vous offrons une solution compl\u00e8te.<\/p>\n<\/div><\/div><footer class=\"entry-footer\"><\/footer><\/article><div class=\"iconlist-timeline\"><\/div><\/li>\n<\/ul><\/div><\/div>\n\n<style type=\"text\/css\" data-created_by=\"avia_inline_auto\" id=\"style-css-av-lbgbpm53-b85a316d1726893e17b2a8e2a54c91a6\">\n#top .av-special-heading.av-lbgbpm53-b85a316d1726893e17b2a8e2a54c91a6{\npadding-bottom:10px;\n}\nbody .av-special-heading.av-lbgbpm53-b85a316d1726893e17b2a8e2a54c91a6 .av-special-heading-tag .heading-char{\nfont-size:25px;\n}\n.av-special-heading.av-lbgbpm53-b85a316d1726893e17b2a8e2a54c91a6 .av-subheading{\nfont-size:15px;\n}\n<\/style>\n<div  class='av-special-heading av-lbgbpm53-b85a316d1726893e17b2a8e2a54c91a6 av-special-heading-h1 blockquote modern-quote  avia-builder-el-6  el_after_av_one_half  el_before_av_masonry_gallery  avia-builder-el-last '><h1 class='av-special-heading-tag'  itemprop=\"headline\"  >Quelques produits personnalis\u00e9es de Europochette\u00ae<\/h1><div class=\"special-heading-border\"><div class=\"special-heading-inner-border\"><\/div><\/div><\/div>\n<div id='av-masonry-1' class='av-masonry av-v0sa-ebd11b33dea674fc9538fe210b4b067e noHover av-fixed-size av-large-gap av-hover-overlay-active av-masonry-animation-active av-masonry-col-flexible av-caption-always av-caption-style- av-masonry-gallery ' data-post_id=\"354\"><div class=\"av-masonry-container isotope av-js-disabled\"><div class='av-masonry-entry isotope-item av-masonry-item-no-image '><\/div><a href=\"https:\/\/www.europochette.com\/wp-content\/uploads\/sites\/2\/2022\/12\/Europochette_034_lowres-1030x686.jpg\" data-srcset=\"https:\/\/www.europochette.com\/wp-content\/uploads\/sites\/2\/2022\/12\/Europochette_034_lowres-1030x686.jpg 1030w, https:\/\/www.europochette.com\/wp-content\/uploads\/sites\/2\/2022\/12\/Europochette_034_lowres-300x200.jpg 300w, https:\/\/www.europochette.com\/wp-content\/uploads\/sites\/2\/2022\/12\/Europochette_034_lowres-768x512.jpg 768w, https:\/\/www.europochette.com\/wp-content\/uploads\/sites\/2\/2022\/12\/Europochette_034_lowres-1536x1024.jpg 1536w, https:\/\/www.europochette.com\/wp-content\/uploads\/sites\/2\/2022\/12\/Europochette_034_lowres-1500x1000.jpg 1500w, https:\/\/www.europochette.com\/wp-content\/uploads\/sites\/2\/2022\/12\/Europochette_034_lowres-705x470.jpg 705w, https:\/\/www.europochette.com\/wp-content\/uploads\/sites\/2\/2022\/12\/Europochette_034_lowres-450x300.jpg 450w, https:\/\/www.europochette.com\/wp-content\/uploads\/sites\/2\/2022\/12\/Europochette_034_lowres.jpg 2000w\" data-sizes=\"(max-width: 1030px) 100vw, 1030px\"  aria-label=\"image Europochette_034_lowres\"  id='av-masonry-1-item-4033' data-av-masonry-item='4033' class='av-masonry-entry isotope-item post-4033 attachment type-attachment status-inherit hentry  av-masonry-item-with-image av-grid-img' title=\"Europochette_034_lowres\" alt=\"Custom Pouches\"    itemprop=\"thumbnailUrl\" ><div class='av-inner-masonry-sizer'><\/div><figure class='av-inner-masonry main_color'><div class=\"av-masonry-outerimage-container\"><div class='av-masonry-image-container' style=\"background-image: url(https:\/\/www.europochette.com\/wp-content\/uploads\/sites\/2\/2022\/12\/Europochette_034_lowres-705x470.jpg);\"  title=\"Europochette_034_lowres\"   alt=\"Custom Pouches\" ><\/div><\/div><\/figure><\/a><!--end av-masonry entry--><a href=\"https:\/\/www.europochette.com\/wp-content\/uploads\/sites\/2\/2022\/12\/Europochette_23_lowres-686x1030.jpg\" data-srcset=\"https:\/\/www.europochette.com\/wp-content\/uploads\/sites\/2\/2022\/12\/Europochette_23_lowres-686x1030.jpg 686w, https:\/\/www.europochette.com\/wp-content\/uploads\/sites\/2\/2022\/12\/Europochette_23_lowres-200x300.jpg 200w, https:\/\/www.europochette.com\/wp-content\/uploads\/sites\/2\/2022\/12\/Europochette_23_lowres-768x1152.jpg 768w, https:\/\/www.europochette.com\/wp-content\/uploads\/sites\/2\/2022\/12\/Europochette_23_lowres-1024x1536.jpg 1024w, https:\/\/www.europochette.com\/wp-content\/uploads\/sites\/2\/2022\/12\/Europochette_23_lowres-1000x1500.jpg 1000w, https:\/\/www.europochette.com\/wp-content\/uploads\/sites\/2\/2022\/12\/Europochette_23_lowres-470x705.jpg 470w, https:\/\/www.europochette.com\/wp-content\/uploads\/sites\/2\/2022\/12\/Europochette_23_lowres-450x675.jpg 450w, https:\/\/www.europochette.com\/wp-content\/uploads\/sites\/2\/2022\/12\/Europochette_23_lowres.jpg 1333w\" data-sizes=\"(max-width: 686px) 100vw, 686px\"  aria-label=\"image Europochette_23_lowres\"  id='av-masonry-1-item-4037' data-av-masonry-item='4037' class='av-masonry-entry isotope-item post-4037 attachment type-attachment status-inherit hentry  av-masonry-item-with-image av-grid-img' title=\"Europochette_23_lowres\" alt=\"Custom Napkins\"    itemprop=\"thumbnailUrl\" ><div class='av-inner-masonry-sizer'><\/div><figure class='av-inner-masonry main_color'><div class=\"av-masonry-outerimage-container\"><div class='av-masonry-image-container' style=\"background-image: url(https:\/\/www.europochette.com\/wp-content\/uploads\/sites\/2\/2022\/12\/Europochette_23_lowres-470x705.jpg);\"  title=\"Europochette_23_lowres\"   alt=\"Custom Napkins\" ><\/div><\/div><\/figure><\/a><!--end av-masonry entry--><a href=\"https:\/\/www.europochette.com\/wp-content\/uploads\/sites\/2\/2022\/12\/Europochette_125_lowres-686x1030.jpg\" data-srcset=\"https:\/\/www.europochette.com\/wp-content\/uploads\/sites\/2\/2022\/12\/Europochette_125_lowres-686x1030.jpg 686w, https:\/\/www.europochette.com\/wp-content\/uploads\/sites\/2\/2022\/12\/Europochette_125_lowres-200x300.jpg 200w, https:\/\/www.europochette.com\/wp-content\/uploads\/sites\/2\/2022\/12\/Europochette_125_lowres-768x1152.jpg 768w, https:\/\/www.europochette.com\/wp-content\/uploads\/sites\/2\/2022\/12\/Europochette_125_lowres-1024x1536.jpg 1024w, https:\/\/www.europochette.com\/wp-content\/uploads\/sites\/2\/2022\/12\/Europochette_125_lowres-1000x1500.jpg 1000w, https:\/\/www.europochette.com\/wp-content\/uploads\/sites\/2\/2022\/12\/Europochette_125_lowres-470x705.jpg 470w, https:\/\/www.europochette.com\/wp-content\/uploads\/sites\/2\/2022\/12\/Europochette_125_lowres-450x675.jpg 450w, https:\/\/www.europochette.com\/wp-content\/uploads\/sites\/2\/2022\/12\/Europochette_125_lowres.jpg 1333w\" data-sizes=\"(max-width: 686px) 100vw, 686px\"  aria-label=\"image Europochette_125_lowres\"  id='av-masonry-1-item-3977' data-av-masonry-item='3977' class='av-masonry-entry isotope-item post-3977 attachment type-attachment status-inherit hentry  av-masonry-item-with-image av-grid-img' title=\"Europochette_125_lowres\" alt=\"Custom Napkins\"    itemprop=\"thumbnailUrl\" ><div class='av-inner-masonry-sizer'><\/div><figure class='av-inner-masonry main_color'><div class=\"av-masonry-outerimage-container\"><div class='av-masonry-image-container' style=\"background-image: url(https:\/\/www.europochette.com\/wp-content\/uploads\/sites\/2\/2022\/12\/Europochette_125_lowres-470x705.jpg);\"  title=\"Europochette_125_lowres\"   alt=\"Custom Napkins\" ><\/div><\/div><\/figure><\/a><!--end av-masonry entry--><a href=\"https:\/\/www.europochette.com\/wp-content\/uploads\/sites\/2\/2022\/12\/Europochette_149_lowres-686x1030.jpg\" data-srcset=\"https:\/\/www.europochette.com\/wp-content\/uploads\/sites\/2\/2022\/12\/Europochette_149_lowres-686x1030.jpg 686w, https:\/\/www.europochette.com\/wp-content\/uploads\/sites\/2\/2022\/12\/Europochette_149_lowres-200x300.jpg 200w, https:\/\/www.europochette.com\/wp-content\/uploads\/sites\/2\/2022\/12\/Europochette_149_lowres-768x1152.jpg 768w, https:\/\/www.europochette.com\/wp-content\/uploads\/sites\/2\/2022\/12\/Europochette_149_lowres-1024x1536.jpg 1024w, https:\/\/www.europochette.com\/wp-content\/uploads\/sites\/2\/2022\/12\/Europochette_149_lowres-1000x1500.jpg 1000w, https:\/\/www.europochette.com\/wp-content\/uploads\/sites\/2\/2022\/12\/Europochette_149_lowres-470x705.jpg 470w, https:\/\/www.europochette.com\/wp-content\/uploads\/sites\/2\/2022\/12\/Europochette_149_lowres-450x675.jpg 450w, https:\/\/www.europochette.com\/wp-content\/uploads\/sites\/2\/2022\/12\/Europochette_149_lowres.jpg 1333w\" data-sizes=\"(max-width: 686px) 100vw, 686px\"  aria-label=\"image Europochette_149_lowres\"  id='av-masonry-1-item-3957' data-av-masonry-item='3957' class='av-masonry-entry isotope-item post-3957 attachment type-attachment status-inherit hentry  av-masonry-item-with-image av-grid-img' title=\"Europochette_149_lowres\" alt=\"Custom Royal Pouches\"    itemprop=\"thumbnailUrl\" ><div class='av-inner-masonry-sizer'><\/div><figure class='av-inner-masonry main_color'><div class=\"av-masonry-outerimage-container\"><div class='av-masonry-image-container' style=\"background-image: url(https:\/\/www.europochette.com\/wp-content\/uploads\/sites\/2\/2022\/12\/Europochette_149_lowres-470x705.jpg);\"  title=\"Europochette_149_lowres\"   alt=\"Custom Royal Pouches\" ><\/div><\/div><\/figure><\/a><!--end av-masonry entry--><a href=\"https:\/\/www.europochette.com\/wp-content\/uploads\/sites\/2\/2022\/12\/Europochette_picolo_02_lowres-1030x686.jpg\" data-srcset=\"https:\/\/www.europochette.com\/wp-content\/uploads\/sites\/2\/2022\/12\/Europochette_picolo_02_lowres-1030x686.jpg 1030w, https:\/\/www.europochette.com\/wp-content\/uploads\/sites\/2\/2022\/12\/Europochette_picolo_02_lowres-300x200.jpg 300w, https:\/\/www.europochette.com\/wp-content\/uploads\/sites\/2\/2022\/12\/Europochette_picolo_02_lowres-768x512.jpg 768w, https:\/\/www.europochette.com\/wp-content\/uploads\/sites\/2\/2022\/12\/Europochette_picolo_02_lowres-1536x1024.jpg 1536w, https:\/\/www.europochette.com\/wp-content\/uploads\/sites\/2\/2022\/12\/Europochette_picolo_02_lowres-1500x1000.jpg 1500w, https:\/\/www.europochette.com\/wp-content\/uploads\/sites\/2\/2022\/12\/Europochette_picolo_02_lowres-705x470.jpg 705w, https:\/\/www.europochette.com\/wp-content\/uploads\/sites\/2\/2022\/12\/Europochette_picolo_02_lowres-450x300.jpg 450w, https:\/\/www.europochette.com\/wp-content\/uploads\/sites\/2\/2022\/12\/Europochette_picolo_02_lowres.jpg 2000w\" data-sizes=\"(max-width: 1030px) 100vw, 1030px\"  aria-label=\"image Europochette_picolo_02_lowres\"  id='av-masonry-1-item-3925' data-av-masonry-item='3925' class='av-masonry-entry isotope-item post-3925 attachment type-attachment status-inherit hentry  av-masonry-item-with-image av-grid-img' title=\"Europochette_picolo_02_lowres\" alt=\"Custom Special Pouches\"    itemprop=\"thumbnailUrl\" ><div class='av-inner-masonry-sizer'><\/div><figure class='av-inner-masonry main_color'><div class=\"av-masonry-outerimage-container\"><div class='av-masonry-image-container' style=\"background-image: url(https:\/\/www.europochette.com\/wp-content\/uploads\/sites\/2\/2022\/12\/Europochette_picolo_02_lowres-705x470.jpg);\"  title=\"Europochette_picolo_02_lowres\"   alt=\"Custom Special Pouches\" ><\/div><\/div><\/figure><\/a><!--end av-masonry entry--><a href=\"https:\/\/www.europochette.com\/wp-content\/uploads\/sites\/2\/2022\/12\/Europochette_143_lowres-686x1030.jpg\" data-srcset=\"https:\/\/www.europochette.com\/wp-content\/uploads\/sites\/2\/2022\/12\/Europochette_143_lowres-686x1030.jpg 686w, https:\/\/www.europochette.com\/wp-content\/uploads\/sites\/2\/2022\/12\/Europochette_143_lowres-200x300.jpg 200w, https:\/\/www.europochette.com\/wp-content\/uploads\/sites\/2\/2022\/12\/Europochette_143_lowres-768x1152.jpg 768w, https:\/\/www.europochette.com\/wp-content\/uploads\/sites\/2\/2022\/12\/Europochette_143_lowres-1024x1536.jpg 1024w, https:\/\/www.europochette.com\/wp-content\/uploads\/sites\/2\/2022\/12\/Europochette_143_lowres-1000x1500.jpg 1000w, https:\/\/www.europochette.com\/wp-content\/uploads\/sites\/2\/2022\/12\/Europochette_143_lowres-470x705.jpg 470w, https:\/\/www.europochette.com\/wp-content\/uploads\/sites\/2\/2022\/12\/Europochette_143_lowres-450x675.jpg 450w, https:\/\/www.europochette.com\/wp-content\/uploads\/sites\/2\/2022\/12\/Europochette_143_lowres.jpg 1333w\" data-sizes=\"(max-width: 686px) 100vw, 686px\"  aria-label=\"image Europochette_143_lowres\"  id='av-masonry-1-item-3961' data-av-masonry-item='3961' class='av-masonry-entry isotope-item post-3961 attachment type-attachment status-inherit hentry  av-masonry-item-with-image av-grid-img' title=\"Europochette_143_lowres\" alt=\"sets de table\"    itemprop=\"thumbnailUrl\" ><div class='av-inner-masonry-sizer'><\/div><figure class='av-inner-masonry main_color'><div class=\"av-masonry-outerimage-container\"><div class='av-masonry-image-container' style=\"background-image: url(https:\/\/www.europochette.com\/wp-content\/uploads\/sites\/2\/2022\/12\/Europochette_143_lowres-470x705.jpg);\"  title=\"Europochette_143_lowres\"   alt=\"sets de table\" ><\/div><\/div><\/figure><\/a><!--end av-masonry entry--><\/div><\/div>\n","protected":false},"excerpt":{"rendered":"","protected":false},"author":1,"featured_media":0,"parent":0,"menu_order":0,"comment_status":"closed","ping_status":"closed","template":"","meta":{"footnotes":""},"class_list":["post-354","page","type-page","status-publish","hentry"],"_links":{"self":[{"href":"https:\/\/europochet.be\/fr\/wp-json\/wp\/v2\/pages\/354\/"}],"collection":[{"href":"https:\/\/europochet.be\/fr\/wp-json\/wp\/v2\/pages\/"}],"about":[{"href":"https:\/\/europochet.be\/fr\/wp-json\/wp\/v2\/types\/page\/"}],"author":[{"embeddable":true,"href":"https:\/\/europochet.be\/fr\/wp-json\/wp\/v2\/users\/1\/"}],"replies":[{"embeddable":true,"href":"https:\/\/europochet.be\/fr\/wp-json\/wp\/v2\/comments\/?post=354"}],"version-history":[{"count":16,"href":"https:\/\/europochet.be\/fr\/wp-json\/wp\/v2\/pages\/354\/revisions\/"}],"predecessor-version":[{"id":4084,"href":"https:\/\/europochet.be\/fr\/wp-json\/wp\/v2\/pages\/354\/revisions\/4084\/"}],"wp:attachment":[{"href":"https:\/\/europochet.be\/fr\/wp-json\/wp\/v2\/media\/?parent=354"}],"curies":[{"name":"wp","href":"https:\/\/api.w.org\/{rel}","templated":true}]}}